{"id":648,"date":"2013-10-28T15:57:46","date_gmt":"2013-10-28T15:57:46","guid":{"rendered":"http:\/\/176.32.230.19\/dylanthomas.com\/?page_id=648"},"modified":"2013-10-28T15:57:46","modified_gmt":"2013-10-28T15:57:46","slug":"datganiad-preifatrwydd","status":"publish","type":"page","link":"http:\/\/www.dylanthomas.com\/cy\/datganiad-preifatrwydd\/","title":{"rendered":"Datganiad preifatrwydd"},"content":{"rendered":"<p><strong>Preifatrwydd a Chwcis<\/strong><\/p>\n<p><strong>Mae&#8217;r polisi preifatrwydd hwn yn berthnasol i ddefnydd yr wybodaeth bersonol a gesglir gan Gyngor Dinas a Sir Abertawe pan ewch i\u00a0<a href=\"http:\/\/www.dylanthomas.com\/\">www.dylanthomas.com<\/a>.<\/strong><\/p>\n<p>Pan fydd rhywun yn mynd i\u00a0<a href=\"http:\/\/www.dylanthomas.com\/\">www.dylanthomas.com<\/a>, rydym yn casglu gwybodaeth log rhyngrwyd safonol a manylion am ymddygiad a phatrymau pobl sy&#8217;n mynd i&#8217;r wefan. Rydym yn gwneud hyn i gasglu gwybodaeth am bethau megis nifer y bobl sy&#8217;n mynd i wahanol rannau o&#8217;r wefan. Rydym yn casglu&#8217;r wybodaeth hon mewn modd nad yw&#8217;n datgelu pwy yw&#8217;r unigolyn. Ni fyddwn yn gwneud unrhyw ymdrech i wybod pwy yw&#8217;r unigolion sy&#8217;n mynd i&#8217;n gwefan. Ni fyddwn yn cysylltu unrhyw ddata a gesglir o&#8217;r wefan hon ag unrhyw wybodaeth bersonol a ddaw o unrhyw ffynhonnell. Os ydym yn dymuno casglu gwybodaeth bersonol am yr unigolyn trwy ein gwefan, byddwn yn dweud hyn wrthych ymlaen llaw. Pan fyddwn yn casglu gwybodaeth bersonol, byddwn yn gwneud hynny&#8217;n amlwg a byddwn yn esbonio sut rydym yn bwriadu ei defnyddio.<\/p>\n<p><strong>Cwcis<br \/>\n<\/strong>Pan fyddwn yn darparu gwasanaethau, rydym am sicrhau eu bod yn gyfleus, yn ddefnyddiol ac yn ddibynadwy. Pan ddarperir gwasanaethau trwy&#8217;r rhyngrwyd, weithiau gosodir darnau bach o wybodaeth ar eich dyfais, er enghraifft, eich cyfrifiadur neu eich ff\u00f4n symudol. Mae hyn yn cynnwys ffeiliau bach o&#8217;r enw cwcis. Nid oes modd eu defnyddio i ddatgelu pwy ydych chi.<\/p>\n<p>Defnyddir y darnau hyn o wybodaeth i wella&#8217;ch gwasanaethau, er enghraifft:<\/p>\n<ul>\n<li>trwy alluogi gwasanaeth i adnabod eich dyfais fel na fydd rhaid i chi roi&#8217;r un wybodaeth sawl gwaith yn ystod yr un dasg;<\/li>\n<li>adnabod bod gennych enw defnyddiwr a chyfrinair eisoes fel na fydd rhaid i chi wneud hyn bob tro rydych yn mynd i dudalen newydd;<\/li>\n<li>cyfrif nifer y bobl sy&#8217;n defnyddio gwasanaethau er mwyn eu gwneud yn haws eu defnyddio a bod digon o allu i sicrhau eu bod yn gyflym.<\/li>\n<\/ul>\n<p>Gallwch reoli&#8217;r ffeiliau bach hyn eich hunan trwy ddarllen yr wybodaeth ganlynol ar wefan Directgov<a title=\"Directgov\" href=\"http:\/\/www.direct.gov.uk\/managingcookies\">www.direct.gov.uk\/managingcookies<\/a>.<\/p>\n<p>Os hoffech fwy o wybodaeth am gwcis, gan gynnwys sut i weld pa gwcis sydd wedi&#8217;u gosod a sut i&#8217;w rheoli a&#8217;u dileu, ewch i<a href=\"http:\/\/www.allaboutcookies.org\/\">www.allaboutcookies.org<\/a>.<\/p>\n<p><strong>Sut rydym yn defnyddio cwcis<br \/>\n<\/strong>Rydym yn defnyddio cwcis ar\u00a0<a href=\"http:\/\/www.dylanthomas.com\/\">www.dylanthomas.com<\/a>\u00a0i wella&#8217;n gwasanaethau ar-lein.<\/p>\n<p>Mae Google Analytics yn gosod cwcis i&#8217;n helpu i gael amcangyfrif dibynadwy o nifer y bobl sy&#8217;n mynd i&#8217;r wefan a faint o ddefnydd a wneir ohoni. Diben hyn yw sicrhau bod y gwasanaeth ar gael yn gyflym i chi pan fydd ei angen arnoch.<\/p>\n<p>Rydym yn defnyddio cwcis i gasglu gwybodaeth amhersonol am ddefnyddwyr y wefan.\u00a0Ni fyddwn yn casglu unrhyw wybodaeth amdanoch chi ar wah\u00e2n i&#8217;r wybodaeth sy&#8217;n angenrheidiol i weinyddu&#8217;r wefan.<\/p>\n<p>Mae cwcis yn ddarnau o ddata sy&#8217;n cael eu creu pan fyddwch yn mynd i wefan. Maent yn cynnwys rhif unigryw, dienw. Maent yn cael eu cadw yng nghyfeiriadur cwcis eich gyriant caled ac ni ch\u00e2nt eu dileu ar ddiwedd eich sesiwn. Nid yw cwcis yn cynnwys unrhyw wybodaeth bersonol amdanoch chi ac nid oes modd eu defnyddio i ddatgelu pwy yw defnyddwyr unigol. Os ydych yn dewis peidio \u00e2 derbyn y cwci, ni fydd hyn yn effeithio ar eich gallu i ddefnyddio&#8217;r rhan fwyaf o&#8217;r cyfleusterau ar ein gwefan.<\/p>\n<p>Hyd yn oed os yw&#8217;ch porwr wedi&#8217;i osod i ganiat\u00e1u creu cwcis, gallwch ddewis bod gwefan yn gofyn am eich caniat\u00e2d cyn gosod cwci ar eich disg caled. Felly gallwch benderfynu caniat\u00e1u&#8217;r cwci ai peidio. Gallwch hefyd osod eich cyfrifiadur fel na fydd yn derbyn unrhyw gwci.<\/p>\n<p>Mae&#8217;r wefan hon yn defnyddio Google Analytics i gasglu gwybodaeth ystadegol. I gael mwy o wybodaeth am sut mae Google Analytics yn prosesu&#8217;r wybodaeth hon, ewch i\u00a0<a href=\"http:\/\/www.google.com\/analytics\">www.google.com\/analytics<\/a>. I ddewis peidio \u00e2 chael eich olrhain gan Google Analytics ar draws POB gwefan, ewch i\u00a0<a href=\"http:\/\/tools.google.com\/dlpage\/gaoptout\">tools.google.com\/dlpage\/gaoptout<\/a>.<\/p>\n<p>Pan fyddwch yn mynd i\u00a0<a href=\"http:\/\/www.dylanthomas.com\/\">www.dylanthomas.com<\/a>\u00a0efallai y byddwch yn sylwi nad yw rhai cwcis yn berthnasol i Ddinas a Sir Abertawe. Os ydych yn agor tudalen \u00e2 chynnwys o wefan arall, er enghraifft YouTube neu Flickr, mae&#8217;n bosibl y byddwch yn derbyn cwcis o&#8217;r gwefannau hyn. Nid yw Dinas a Sir Abertawe&#8217;n rheoli lledaeniad y cwcis hyn. Dylech fynd i wefannau&#8217;r trydydd part\u00efon hyn i gael mwy o wybodaeth.<\/p>\n<p><strong>Sut mae gwybodaeth yn cael ei defnyddio<br \/>\n<\/strong>Pan rydych yn dewis rhoi&#8217;ch manylion personol i ni, defnyddir y data personol a ddarparwyd gennych i Gyngor Dinas a Sir Abertawe ar gyfer darparu&#8217;r wybodaeth neu&#8217;r gwasanaeth rydych wedi gofyn amdani\/amdano.<\/p>\n<p>Mewn rhai achosion, gallwn eich gwahodd i gofrestru am wasanaethau ychwanegol ar yr un pryd (er enghraifft, rhestr bostio reolaidd) &#8211; gallwch ddewis peidio \u00e2 derbyn y gwahoddiad hwn.<\/p>\n","protected":false},"excerpt":{"rendered":"<p>Preifatrwydd a Chwcis Mae&#8217;r polisi preifatrwydd hwn yn berthnasol i ddefnydd yr wybodaeth bersonol a gesglir gan Gyngor Dinas a Sir Abertawe pan ewch i\u00a0www.dylanthomas.com. Pan fydd rhywun yn mynd i\u00a0www.dylanthomas.com, rydym yn casglu gwybodaeth log rhyngrwyd safonol a manylion &hellip;<\/p>\n<p class=\"read-more\"> <a class=\"more-link\" href=\"http:\/\/www.dylanthomas.com\/cy\/datganiad-preifatrwydd\/\"> <span class=\"screen-reader-text\">Datganiad preifatrwydd<\/span> Darllen mwy &raquo;<\/a><\/p>\n","protected":false},"author":6,"featured_media":0,"parent":0,"menu_order":0,"comment_status":"closed","ping_status":"closed","template":"","meta":{"_monsterinsights_skip_tracking":false,"_monsterinsights_sitenote_active":false,"_monsterinsights_sitenote_note":"","_monsterinsights_sitenote_category":0},"yoast_head":"<!-- This site is optimized with the Yoast SEO plugin v19.11 - https:\/\/yoast.com\/wordpress\/plugins\/seo\/ -->\n<title>Datganiad preifatrwydd - DylanThomas.com<\/title>\n<meta name=\"robots\" content=\"index, follow, max-snippet:-1, max-image-preview:large, max-video-preview:-1\" \/>\n<link rel=\"canonical\" href=\"http:\/\/www.dylanthomas.com\/cy\/datganiad-preifatrwydd\/\" \/>\n<meta property=\"og:locale\" content=\"en_US\" \/>\n<meta property=\"og:type\" content=\"article\" \/>\n<meta property=\"og:title\" content=\"Datganiad preifatrwydd - DylanThomas.com\" \/>\n<meta property=\"og:description\" content=\"Preifatrwydd a Chwcis Mae&#8217;r polisi preifatrwydd hwn yn berthnasol i ddefnydd yr wybodaeth bersonol a gesglir gan Gyngor Dinas a Sir Abertawe pan ewch i\u00a0www.dylanthomas.com. Pan fydd rhywun yn mynd i\u00a0www.dylanthomas.com, rydym yn casglu gwybodaeth log rhyngrwyd safonol a manylion &hellip; Datganiad preifatrwydd Darllen mwy &raquo;\" \/>\n<meta property=\"og:url\" content=\"http:\/\/www.dylanthomas.com\/cy\/datganiad-preifatrwydd\/\" \/>\n<meta property=\"og:site_name\" content=\"DylanThomas.com\" \/>\n<meta name=\"twitter:label1\" content=\"Est. reading time\" \/>\n\t<meta name=\"twitter:data1\" content=\"4 munud\" \/>\n<script type=\"application\/ld+json\" class=\"yoast-schema-graph\">{\"@context\":\"https:\/\/schema.org\",\"@graph\":[{\"@type\":\"WebPage\",\"@id\":\"http:\/\/www.dylanthomas.com\/cy\/datganiad-preifatrwydd\/\",\"url\":\"http:\/\/www.dylanthomas.com\/cy\/datganiad-preifatrwydd\/\",\"name\":\"Datganiad preifatrwydd - DylanThomas.com\",\"isPartOf\":{\"@id\":\"http:\/\/www.dylanthomas.com\/#website\"},\"datePublished\":\"2013-10-28T15:57:46+00:00\",\"dateModified\":\"2013-10-28T15:57:46+00:00\",\"breadcrumb\":{\"@id\":\"http:\/\/www.dylanthomas.com\/cy\/datganiad-preifatrwydd\/#breadcrumb\"},\"inLanguage\":\"cy\",\"potentialAction\":[{\"@type\":\"ReadAction\",\"target\":[\"http:\/\/www.dylanthomas.com\/cy\/datganiad-preifatrwydd\/\"]}]},{\"@type\":\"BreadcrumbList\",\"@id\":\"http:\/\/www.dylanthomas.com\/cy\/datganiad-preifatrwydd\/#breadcrumb\",\"itemListElement\":[{\"@type\":\"ListItem\",\"position\":1,\"name\":\"Home\",\"item\":\"https:\/\/www.dylanthomas.com\/cy\/\"},{\"@type\":\"ListItem\",\"position\":2,\"name\":\"Datganiad preifatrwydd\"}]},{\"@type\":\"WebSite\",\"@id\":\"http:\/\/www.dylanthomas.com\/#website\",\"url\":\"http:\/\/www.dylanthomas.com\/\",\"name\":\"DylanThomas.com\",\"description\":\"The poet and author Dylan Thomas is Swansea&#039;s most famous son\",\"publisher\":{\"@id\":\"http:\/\/www.dylanthomas.com\/#organization\"},\"potentialAction\":[{\"@type\":\"SearchAction\",\"target\":{\"@type\":\"EntryPoint\",\"urlTemplate\":\"http:\/\/www.dylanthomas.com\/?s={search_term_string}\"},\"query-input\":\"required name=search_term_string\"}],\"inLanguage\":\"cy\"},{\"@type\":\"Organization\",\"@id\":\"http:\/\/www.dylanthomas.com\/#organization\",\"name\":\"DylanThomas.com\",\"url\":\"http:\/\/www.dylanthomas.com\/\",\"logo\":{\"@type\":\"ImageObject\",\"inLanguage\":\"cy\",\"@id\":\"http:\/\/www.dylanthomas.com\/#\/schema\/logo\/image\/\",\"url\":\"http:\/\/www.dylanthomas.com\/wp-content\/uploads\/2020\/07\/DTC-logo.png\",\"contentUrl\":\"http:\/\/www.dylanthomas.com\/wp-content\/uploads\/2020\/07\/DTC-logo.png\",\"width\":300,\"height\":100,\"caption\":\"DylanThomas.com\"},\"image\":{\"@id\":\"http:\/\/www.dylanthomas.com\/#\/schema\/logo\/image\/\"}}]}<\/script>\n<!-- \/ Yoast SEO plugin. -->","yoast_head_json":{"title":"Datganiad preifatrwydd - DylanThomas.com","robots":{"index":"index","follow":"follow","max-snippet":"max-snippet:-1","max-image-preview":"max-image-preview:large","max-video-preview":"max-video-preview:-1"},"canonical":"http:\/\/www.dylanthomas.com\/cy\/datganiad-preifatrwydd\/","og_locale":"en_US","og_type":"article","og_title":"Datganiad preifatrwydd - DylanThomas.com","og_description":"Preifatrwydd a Chwcis Mae&#8217;r polisi preifatrwydd hwn yn berthnasol i ddefnydd yr wybodaeth bersonol a gesglir gan Gyngor Dinas a Sir Abertawe pan ewch i\u00a0www.dylanthomas.com. Pan fydd rhywun yn mynd i\u00a0www.dylanthomas.com, rydym yn casglu gwybodaeth log rhyngrwyd safonol a manylion &hellip; Datganiad preifatrwydd Darllen mwy &raquo;","og_url":"http:\/\/www.dylanthomas.com\/cy\/datganiad-preifatrwydd\/","og_site_name":"DylanThomas.com","twitter_misc":{"Est. reading time":"4 munud"},"schema":{"@context":"https:\/\/schema.org","@graph":[{"@type":"WebPage","@id":"http:\/\/www.dylanthomas.com\/cy\/datganiad-preifatrwydd\/","url":"http:\/\/www.dylanthomas.com\/cy\/datganiad-preifatrwydd\/","name":"Datganiad preifatrwydd - DylanThomas.com","isPartOf":{"@id":"http:\/\/www.dylanthomas.com\/#website"},"datePublished":"2013-10-28T15:57:46+00:00","dateModified":"2013-10-28T15:57:46+00:00","breadcrumb":{"@id":"http:\/\/www.dylanthomas.com\/cy\/datganiad-preifatrwydd\/#breadcrumb"},"inLanguage":"cy","potentialAction":[{"@type":"ReadAction","target":["http:\/\/www.dylanthomas.com\/cy\/datganiad-preifatrwydd\/"]}]},{"@type":"BreadcrumbList","@id":"http:\/\/www.dylanthomas.com\/cy\/datganiad-preifatrwydd\/#breadcrumb","itemListElement":[{"@type":"ListItem","position":1,"name":"Home","item":"https:\/\/www.dylanthomas.com\/cy\/"},{"@type":"ListItem","position":2,"name":"Datganiad preifatrwydd"}]},{"@type":"WebSite","@id":"http:\/\/www.dylanthomas.com\/#website","url":"http:\/\/www.dylanthomas.com\/","name":"DylanThomas.com","description":"The poet and author Dylan Thomas is Swansea&#039;s most famous son","publisher":{"@id":"http:\/\/www.dylanthomas.com\/#organization"},"potentialAction":[{"@type":"SearchAction","target":{"@type":"EntryPoint","urlTemplate":"http:\/\/www.dylanthomas.com\/?s={search_term_string}"},"query-input":"required name=search_term_string"}],"inLanguage":"cy"},{"@type":"Organization","@id":"http:\/\/www.dylanthomas.com\/#organization","name":"DylanThomas.com","url":"http:\/\/www.dylanthomas.com\/","logo":{"@type":"ImageObject","inLanguage":"cy","@id":"http:\/\/www.dylanthomas.com\/#\/schema\/logo\/image\/","url":"http:\/\/www.dylanthomas.com\/wp-content\/uploads\/2020\/07\/DTC-logo.png","contentUrl":"http:\/\/www.dylanthomas.com\/wp-content\/uploads\/2020\/07\/DTC-logo.png","width":300,"height":100,"caption":"DylanThomas.com"},"image":{"@id":"http:\/\/www.dylanthomas.com\/#\/schema\/logo\/image\/"}}]}},"_links":{"self":[{"href":"http:\/\/www.dylanthomas.com\/cy\/wp-json\/wp\/v2\/pages\/648\/"}],"collection":[{"href":"http:\/\/www.dylanthomas.com\/cy\/wp-json\/wp\/v2\/pages\/"}],"about":[{"href":"http:\/\/www.dylanthomas.com\/cy\/wp-json\/wp\/v2\/types\/page\/"}],"author":[{"embeddable":true,"href":"http:\/\/www.dylanthomas.com\/cy\/wp-json\/wp\/v2\/users\/6\/"}],"replies":[{"embeddable":true,"href":"http:\/\/www.dylanthomas.com\/cy\/wp-json\/wp\/v2\/comments\/?post=648"}],"version-history":[{"count":1,"href":"http:\/\/www.dylanthomas.com\/cy\/wp-json\/wp\/v2\/pages\/648\/revisions\/"}],"predecessor-version":[{"id":649,"href":"http:\/\/www.dylanthomas.com\/cy\/wp-json\/wp\/v2\/pages\/648\/revisions\/649\/"}],"wp:attachment":[{"href":"http:\/\/www.dylanthomas.com\/cy\/wp-json\/wp\/v2\/media\/?parent=648"}],"curies":[{"name":"wp","href":"https:\/\/api.w.org\/{rel}","templated":true}]}}