{"id":4816,"date":"2019-05-20T09:38:20","date_gmt":"2019-05-20T08:38:20","guid":{"rendered":"http:\/\/www.dylanthomas.com\/?page_id=4816"},"modified":"2021-09-10T17:43:44","modified_gmt":"2021-09-10T16:43:44","slug":"ysbrydolwch-eich-disgyblion-gydag-ymweliad-a-chanolfan-dylan-thomas","status":"publish","type":"page","link":"http:\/\/www.dylanthomas.com\/cy\/ysbrydolwch-eich-disgyblion-gydag-ymweliad-a-chanolfan-dylan-thomas\/","title":{"rendered":"Rhaglen Ysgolion \u2018Dwlu ar y Geiriau\u2019"},"content":{"rendered":"\n<h4>*Diweddariad i&#8217;n cwsmeriaid &#8211; Croeso n\u00f4l, rydym wedi gweld eich eisiau!*<\/h4>\n\n\n\n<p>Ein horiau agor dros dro yw 10am i 4pm ddydd Mercher i ddydd Sul. Does dim angen i chi gadw slot i ymweld, ond byddwn yn monitro niferoedd ar y safle i sicrhau bod digon o le i bobl cadw pellter corfforol oddi wrth ei gilydd. Ffoniwch ni os ydych yn gr\u0175p mawr a gallwn eich cynghori ymhellach.<\/p>\n\n\n\n<figure class=\"wp-block-image\"><a href=\"http:\/\/www.dylanthomas.com\/cy\/uncategorized-cy\/rydym-yn-ailagor-ddydd-iau-27-mai\/\"><img src=\"http:\/\/www.dylanthomas.com\/wp-content\/uploads\/2016\/03\/find-out-more-button-welsh.png\" alt=\"\"\/><\/a><\/figure>\n\n\n\n<hr class=\"wp-block-separator is-style-wide\"\/>\n\n\n\n<figure class=\"wp-block-image\"><img loading=\"lazy\" width=\"1024\" height=\"433\" src=\"http:\/\/www.dylanthomas.com\/wp-content\/uploads\/2019\/05\/Schools-programme-1024x433.jpg\" alt=\"\" class=\"wp-image-4844\" srcset=\"http:\/\/www.dylanthomas.com\/wp-content\/uploads\/2019\/05\/Schools-programme-1024x433.jpg 1024w, http:\/\/www.dylanthomas.com\/wp-content\/uploads\/2019\/05\/Schools-programme-300x127.jpg 300w, http:\/\/www.dylanthomas.com\/wp-content\/uploads\/2019\/05\/Schools-programme-768x324.jpg 768w, http:\/\/www.dylanthomas.com\/wp-content\/uploads\/2019\/05\/Schools-programme-100x42.jpg 100w, http:\/\/www.dylanthomas.com\/wp-content\/uploads\/2019\/05\/Schools-programme-150x63.jpg 150w, http:\/\/www.dylanthomas.com\/wp-content\/uploads\/2019\/05\/Schools-programme-200x85.jpg 200w, http:\/\/www.dylanthomas.com\/wp-content\/uploads\/2019\/05\/Schools-programme-450x190.jpg 450w, http:\/\/www.dylanthomas.com\/wp-content\/uploads\/2019\/05\/Schools-programme-600x254.jpg 600w, http:\/\/www.dylanthomas.com\/wp-content\/uploads\/2019\/05\/Schools-programme-900x380.jpg 900w, http:\/\/www.dylanthomas.com\/wp-content\/uploads\/2019\/05\/Schools-programme.jpg 1200w\" sizes=\"(max-width: 1024px) 100vw, 1024px\" \/><\/figure>\n\n\n\n<p class=\"has-text-align-center\"><strong>&#8216;Roeddwn i&#8217;n hoffi gwneud fy ngherddi fy hun! Yn\nfy marn i, roedd hynny&#8217;n anhygoel oherwydd bod yn rhaid i ni ddefnyddio\u2019n\ndychymyg! Rwy&#8217;n credu bod y lle hwn yn hudol!&#8217;&nbsp;&nbsp;\n<\/strong>&#8211;\ndisgybl 9 oed, Ysgol Gynradd Dewi Sant, Abertawe<\/p>\n\n\n\n<p>Mae arddangosfa barhaol Canolfan Dylan Thomas, \u2018Dwlu ar y\nGeiriau\u2019, yn adrodd hanes bywyd, gwaith a chyd-destun diwylliannol un o awduron\npwysicaf yr ugeinfed ganrif. Mae&#8217;n canolbwyntio ar ei blentyndod yn Abertawe a&#8217;r\nfarddoniaeth a ysgrifennodd yn ei arddegau ac yn archwilio ei waith rhyfel a\u2019i\nddarnau am yr Ail Ryfel Byd, yn ogystal \u00e2&#8217;i gysylltiadau \u00e2&#8217;r Swrrealyddion, a&#8217;r\nawduron, yr artistiaid a\u2019r actorion a gyfarfu yn ystod ei gyfnod yn yr Unol\nDaleithiau. Mae llawysgrifau gwreiddiol a recordiadau sain yn rhan allweddol\no&#8217;r arddangosfa hygyrch, ymarferol hon. Mae&#8217;n cynnwys Llwybr Plant ac\namrywiaeth o elfennau rhyngweithiol a gemau cyffrous, sy\u2019n ddiddorol ac yn\nllawn hwyl i ddisgyblion o bob oedran a rhai ag anghenion dysgu. <\/p>\n\n\n\n<p>Bydd ein t\u00eem profiadol ar gael drwy gydol y dydd i\nsicrhau eich bod chi a&#8217;ch disgyblion yn manteisio i&#8217;r eithaf ar eich ymweliad.\nMae ein t\u00eem yn cynnig ymweliadau tywys a gweithdai i ysbrydoli disgyblion o bob\noedran, sydd am ddim i aelodau o 4-Site. Yn ogystal, rydym yn gweithio gydag\nawduron anhygoel i ddarparu gweithdai diddorol ac ysbrydoledig. Mae ein\nharddangosfeydd, ein llwybrau a&#8217;n taflenni gwaith yn ddwyieithog, a gellir\ncyflwyno gweithdai ac ymweliadau tywys \u00e2 thema yn Gymraeg. Mae ein mannau\narddangos a&#8217;n Man Dysgu ar y llawr gwaelod ac yn gwbl hygyrch i gadeiriau\nolwyn. <\/p>\n\n\n\n<hr class=\"wp-block-separator\"\/>\n\n\n\n<h4><strong>Ein Gweithdai a\u2019n Hymweliadau Tywys <\/strong><strong><\/strong><\/h4>\n\n\n\n<p><strong>Ymweliadau Tywys ar gyfer y Cyfnod Sylfaen <\/strong><br><strong>30 munud &#8211; 1 awr <\/strong><\/p>\n\n\n\n<p>Mae ein hymweliadau tywys i\u2019r\ncyfnod sylfaen wedi&#8217;u teilwra i ddiwallu anghenion eich dosbarth. Bydd un o&#8217;n\nt\u00eem wrth law i\u2019ch croesawu i&#8217;r ganolfan ac esbonio&#8217;r rhannau gwahanol o&#8217;n\nharddangosfa. Wrth i chi fynd ar eich taith trwy fyd Dylan, darganfyddwch yr\nanifeiliaid yng ngherddi Dylan, yr hyn a\u2019i hysbrydolodd i ysgrifennu ei\nstraeon, a rhai o&#8217;r pethau diddorol a wnaeth Dylan yn yr ysgol! <\/p>\n\n\n\n<p>Bydd eich ymweliad yn cynnwys\nllwybrau (taflenni gwaith) am ddim. Mae ein Llwybr &#8216;Dewch o Hyd i Anifeiliaid\nDylan&#8217; yn addas i blant 2+ oed ac mae ein Llwybr \u2018Croesair Anifeiliaid Dylan\u2019\nyn addas i blant 6+ oed. Gall plant fynd \u00e2&#8217;u taflen wedi&#8217;i chwblhau i&#8217;n desg\nflaen i gael sticer a llyfrnod am ddim!<\/p>\n\n\n\n<p><strong>Ymweliadau tywys ar gyfer y Cyfnod Sylfaen gyda gweithgareddau hunanarweiniedig<\/strong><br><strong>1 &#8211; 2 awr <\/strong><\/p>\n\n\n\n<p>Yn ogystal \u00e2\u2019r ymweliadau tywys a\u2019r llwybrau, bydd gennych fynediad i gyfleoedd chwarae a gweithgareddau hunanarweiniedig rhydd \u00e2 thema . Mae gweithgareddau&#8217;n cynnwys: dillad gwisgo i fyny, bwrdd gwneud straeon llawn hwyl \u00e2 ffelt, pypedau traddodiadol glan m\u00f4r, pypedau \u2018Anifeiliaid Dylan&#8217;, gemau creu straeon a chornel ddarllen, i gyd wedi\u2019u hysbrydoli gan fywyd a gwaith Dylan Thomas.<br><br>Cysylltwch \u00e2 ni i gael mwy o fanylion ac i deilwra&#8217;ch profiad.<\/p>\n\n\n\n<p><strong>Gweithdai i\u2019r Cyfnod Sylfaen <\/strong><br><strong>30 munud &#8211; 1 awr <\/strong><\/p>\n\n\n\n<ul><li>Jariau Siglo Straeon Synhwyraidd<\/li><li>Barddoniaeth Hollti ac Aildrefnu Cerddi  <\/li><li>Deis Stori  <\/li><li>Creu Llyfr Straeon Bach <\/li><\/ul>\n\n\n\n<p>Cysylltwch \u00e2 ni i gael mwy o\nfanylion am bob gweithdy.<\/p>\n\n\n\n<p><strong>Ymweliadau Tywys ar gyfer CA2 <\/strong><br><strong>45 munud &#8211; 1 awr <\/strong><\/p>\n\n\n\n<p>Darganfyddwch pam yr oedd\nawduron fel Roald Dahl wedi cael eu hysbrydoli cymaint gan waith Dylan, yr hyn\nwnaeth Dylan yn ystod yr Ail Ryfel Byd a pha atgofion plentyndod a ysbrydolodd\nDylan i greu rhai o&#8217;i stor\u00efau mwyaf adnabyddus. Bydd un o&#8217;n t\u00eem wrth law i&#8217;ch\ncroesawu i&#8217;r ganolfan ac esbonio&#8217;r rhannau gwahanol o&#8217;n harddangosfa. Bydd eich\nymweliad yn cynnwys llwybrau am ddim a thaflenni gweithgaredd. <\/p>\n\n\n\n<div class=\"wp-block-image\"><figure class=\"alignright is-resized\"><img loading=\"lazy\" src=\"http:\/\/www.dylanthomas.com\/wp-content\/uploads\/2019\/05\/DTC-Step-Ahead.jpg\" alt=\"\" class=\"wp-image-4848\" width=\"263\" height=\"197\" srcset=\"http:\/\/www.dylanthomas.com\/wp-content\/uploads\/2019\/05\/DTC-Step-Ahead.jpg 640w, http:\/\/www.dylanthomas.com\/wp-content\/uploads\/2019\/05\/DTC-Step-Ahead-300x225.jpg 300w, http:\/\/www.dylanthomas.com\/wp-content\/uploads\/2019\/05\/DTC-Step-Ahead-100x75.jpg 100w, http:\/\/www.dylanthomas.com\/wp-content\/uploads\/2019\/05\/DTC-Step-Ahead-150x113.jpg 150w, http:\/\/www.dylanthomas.com\/wp-content\/uploads\/2019\/05\/DTC-Step-Ahead-200x150.jpg 200w, http:\/\/www.dylanthomas.com\/wp-content\/uploads\/2019\/05\/DTC-Step-Ahead-450x338.jpg 450w, http:\/\/www.dylanthomas.com\/wp-content\/uploads\/2019\/05\/DTC-Step-Ahead-600x450.jpg 600w\" sizes=\"(max-width: 263px) 100vw, 263px\" \/><\/figure><\/div>\n\n\n\n<p><strong>Gweithdai CA2 <\/strong><br><strong>1 awr &#8211; 1 awr 30 munud<\/strong><\/p>\n\n\n\n<ul><li>Rhyfel Dylan<\/li><li>Geiriau Dylan: Barddoniaeth Hollti ac Aildrefnu Cerddi  <\/li><li>Gweithdy Deis Stori <\/li><li>Llyfrau Nodiadau Dylan <\/li><\/ul>\n\n\n\n<p>I gael manylion penodol am bob\ngweithdy, cysylltwch \u00e2 ni. <\/p>\n\n\n\n<p><strong>Ymweliadau Tywys ar gyfer CA3 <\/strong><br><strong>45 munud &#8211; 1 awr <\/strong><\/p>\n\n\n\n<p>Mae ein hymweliadau tywys ar\ngyfer CA3 yn gyfle gwerthfawr i ddisgyblion gael eu hysbrydoli gan un o awduron\nmwyaf dylanwadol ac uchel ei barch Cymru. Bydd un o&#8217;n t\u00eem wrth law i\u2019ch\ncroesawu i&#8217;r Ganolfan a\u2019ch tywys o amgylch llinell amser bywyd a gwaith Dylan.\nBydd gan ddisgyblion y cyfle i gwblhau llwybr, defnyddio elfennau rhyngweithiol\ni ddarganfod mwy am dechneg ysgrifennu Dylan, a chreu eu cerddi eu hunain gan\nddefnyddio geiriau Dylan ar ein bwrdd barddoniaeth magnetig.<\/p>\n\n\n\n<p><strong>Gweithdai CA3 <\/strong><br><strong>1 awr &#8211; 1 awr 30 munud<\/strong><\/p>\n\n\n\n<ul><li>Geiriau Dylan: Barddoniaeth Hollti ac Aildrefnu Cerddi <\/li><li>Barddoniaeth Cuddio Geiriau <\/li><\/ul>\n\n\n\n<p>Cysylltwch \u00e2 ni i gael mwy o\nfanylion am bob gweithdy.<\/p>\n\n\n\n<p><strong>Gweithdai gydag Awduron Proffesiynol <\/strong><strong><\/strong><\/p>\n\n\n\n<p>Yn ogystal \u00e2\u2019r rhaglen uchod, rydym yn cynnig gweithdai\nysgrifennu creadigol wedi&#8217;u teilwra gydag awdur proffesiynol. Mae\u2019r rhain yn\ndechrau o \u00a3200 y sesiwn, y gellir eu hariannu gan Gronfa \u2018Ewch i Weld\u2019 Cyngor\nCelfyddydau Cymru. <\/p>\n\n\n\n<figure class=\"wp-block-image\"><img loading=\"lazy\" width=\"1024\" height=\"594\" src=\"http:\/\/www.dylanthomas.com\/wp-content\/uploads\/2019\/05\/DTC-school-1024x594.jpg\" alt=\"\" class=\"wp-image-4851\" srcset=\"http:\/\/www.dylanthomas.com\/wp-content\/uploads\/2019\/05\/DTC-school-1024x594.jpg 1024w, http:\/\/www.dylanthomas.com\/wp-content\/uploads\/2019\/05\/DTC-school-300x174.jpg 300w, http:\/\/www.dylanthomas.com\/wp-content\/uploads\/2019\/05\/DTC-school-768x445.jpg 768w, http:\/\/www.dylanthomas.com\/wp-content\/uploads\/2019\/05\/DTC-school-100x58.jpg 100w, http:\/\/www.dylanthomas.com\/wp-content\/uploads\/2019\/05\/DTC-school-150x87.jpg 150w, http:\/\/www.dylanthomas.com\/wp-content\/uploads\/2019\/05\/DTC-school-200x116.jpg 200w, http:\/\/www.dylanthomas.com\/wp-content\/uploads\/2019\/05\/DTC-school-450x261.jpg 450w, http:\/\/www.dylanthomas.com\/wp-content\/uploads\/2019\/05\/DTC-school-600x348.jpg 600w, http:\/\/www.dylanthomas.com\/wp-content\/uploads\/2019\/05\/DTC-school-900x522.jpg 900w, http:\/\/www.dylanthomas.com\/wp-content\/uploads\/2019\/05\/DTC-school.jpg 1200w\" sizes=\"(max-width: 1024px) 100vw, 1024px\" \/><\/figure>\n\n\n\n<hr class=\"wp-block-separator\"\/>\n\n\n\n<h4><strong>Cadw Lle a Chwestiynau Cyffredin <\/strong><strong><\/strong><\/h4>\n\n\n\n<p><strong>Sut ydw i&#8217;n cadw lle? <\/strong><strong><\/strong><\/p>\n\n\n\n<p>Ffoniwch Jo, ein Swyddog Llenyddiaeth, ar 01792 463980 i gadw\u2019ch lle. Fel arall, gallwch gadw lle drwy e-bostio jo.furber@swansea.gov.uk <br><br>Wrth wneud hyn, nodwch y canlynol: <\/p>\n\n\n\n<ul><li>Enw\na ch\u00f4d post eich ysgol <\/li><li>Eich\nenw, eich e-bost a&#8217;ch rhif ff\u00f4n<\/li><li>Pa\nweithdy\/ymweliad tywys sydd gennych ddiddordeb ynddo <\/li><li>Nifer\ny disgyblion a&#8217;r staff, a&#8217;u gr\u0175p blwyddyn. 35 yw&#8217;r mwyaf a all fod mewn un\ngr\u0175p. <\/li><li>Eich\ndyddiad(au) dewisol ar gyfer eich ymweliad<\/li><li>P&#8217;un\na oes angen ein Man Dysgu arnoch amser cinio.<\/li><li>Cymraeg\nneu Saesneg \u2013 gan ddibynnu ar argaeledd <\/li><li>Unrhyw\nofynion ychwanegol<\/li><\/ul>\n\n\n\n<hr class=\"wp-block-separator\"\/>\n\n\n\n<p><strong>Oes angen help arnoch i dalu am gost eich ymweliad? <\/strong><strong><\/strong><\/p>\n\n\n\n<p>Mae Cyngor Celfyddydau Cymru&#8217;n cynnig cronfa \u2018Ewch i Weld&#8217; ar gyfer ysgolion, sy&#8217;n caniat\u00e1u i ysgolion wneud cais am hyd at \u00a31,000 i dalu hyd at 90% o gost profiad celfyddydol yng Nghymru. Gall costau gynnwys cludiant, gweithdai a thocynnau. Gallwch wneud cais ar unrhyw adeg ond bydd angen i chi ei wneud <strong>o leiaf 4 wythnos cyn<\/strong> y digwyddiad yr hoffech fynd iddo.<br><br>I gael mwy o wybodaeth ac i wneud cais, <a rel=\"noreferrer noopener\" aria-label=\"ewch i dudalen wefan \u2018Ewch i Weld\u2019 Cyngor Celfyddydau Cymru: (opens in a new tab)\" href=\"https:\/\/arts.wales\/funding\/get-started\/creative-learning\/go-and-see\" target=\"_blank\">ewch i dudalen wefan \u2018Ewch i Weld\u2019 Cyngor Celfyddydau Cymru<\/a><\/p>\n\n\n\n<p>Cysylltwch \u00e2 Jo yng Nghanolfan\nDylan Thomas drwy ffonio 01792 463980 neu e-bostio jo.furber@swansea.gov.uk os\noes angen unrhyw help arnoch i ysgrifennu am eich ymweliad arfaethedig \u00e2\nChanolfan Dylan Thomas wrth gwblhau&#8217;r cais.<\/p>\n\n\n\n<hr class=\"wp-block-separator\"\/>\n\n\n\n<p><strong>Pa mor hygyrch yw Canolfan Dylan Thomas? <\/strong><strong><\/strong><\/p>\n\n\n\n<p>Mae ein mannau arddangos a&#8217;n\nMan Dysgu ar y llawr gwaelod ac maent yn hygyrch i gadeiriau olwyn. Mae\nmynediad i&#8217;r adeilad ar draws palmant gwastad \u00e2 chyrbau isel. Mae gan y\nganolfan d\u0177 bach hygyrch yn y dderbynfa.<\/p>\n\n\n\n<p>Mae hygyrchedd yn flaenoriaeth\no ran dyluniad ein harddangosfa \u2018Dwlu ar y Geiriau\u2019. Mae&#8217;r nodweddion hygyrch\nallweddol yn cynnwys cilfachau cadeiriau olwyn gyda chlustffonau, panel sain\nwedi&#8217;i weithredu wrth ei gyffwrdd, cabinetau ac arddangosfeydd ar lefel cadair\nolwyn, a nifer o arddangosfeydd rhyngweithiol a synhwyraidd. <\/p>\n\n\n\n<p>Mae ein Man Dysgu yn gwbl\nhygyrch i gadeiriau olwyn ac mae&#8217;n cynnwys amrywiaeth o adnoddau ar gyfer\ndisgyblion sydd ag anghenion dysgu a gofynion mynediad gwahanol. Mae hyn yn\ncynnwys sisyrnau \u00e2 dolen, pensiliau \u00e2 gafael hawdd a dillad gwisg ffansi sy&#8217;n\naddas i unigolion \u00e2 chadeiriau olwyn &#8211; cysylltwch \u00e2 ni i gael mwy o fanylion am\nein hadnoddau.<\/p>\n\n\n\n<p>Rydym wrthi\u2019n gweithio gyda&#8217;n\nffrindiau yn Pobl yn Gyntaf Abertawe i greu arweiniad hawdd ei ddarllen i&#8217;n\nharddangosfa ar gyfer ymwelwyr a disgyblion ag anableddau dysgu, a fydd ar gael\no ddechrau 2018. <\/p>\n\n\n\n<p>Os ydych chi&#8217;n dod i weld\nperfformiad yn ein theatr, cysylltwch \u00e2 ni i wirio gofynion mynediad ac\nargaeledd mannau cadeiriau olwyn.<\/p>\n\n\n\n<hr class=\"wp-block-separator\"\/>\n\n\n\n<p><strong>Parcio a man gollwng disgyblion <\/strong><strong><\/strong><\/p>\n\n\n\n<p>Mae gennym le ar flaen yr adeilad ar gyfer bysus mini a choetsys i dynnu i mewn iddo i ollwng disgyblion. Rydym union gyferbyn \u00e2 maes parcio talu ac arddangos Heol East Burrows. <a rel=\"noreferrer noopener\" aria-label=\"Gellir dod o hyd i fwy o wybodaeth am barcio gerllaw yn (opens in a new tab)\" href=\"http:\/\/www.abertawe.gov.uk\/meysyddparciocanolyddinas\" target=\"_blank\">Gellir dod o hyd i fwy o wybodaeth am barcio gerllaw yn<\/a><\/p>\n\n\n\n<hr class=\"wp-block-separator\"\/>\n\n\n\n<p><strong>Oes gennych unrhyw gwestiynau am y sesiynau a sut y\ngellir eu haddasu i&#8217;ch anghenion penodol? <\/strong><strong><\/strong><\/p>\n\n\n\n<p>Cysylltwch \u00e2 Jo, ein Swyddog Llenyddiaeth, a fydd yn fodlon trafod yr hyn y gallwn ei gynnig \u00e2 chi.&nbsp;&nbsp; <br><strong>E-bost:<\/strong> <a href=\"jo.furber@swansea.gov.uk\">jo.furber@swansea.gov.uk<\/a><br><strong>Ffoniwch: <\/strong>01792 463980<\/p>\n","protected":false},"excerpt":{"rendered":"<p>*Diweddariad i&#8217;n cwsmeriaid &#8211; Croeso n\u00f4l, rydym wedi gweld eich eisiau!* Ein horiau agor dros dro yw 10am i 4pm ddydd Mercher i ddydd Sul. Does dim angen i chi gadw slot i ymweld, ond byddwn yn monitro niferoedd ar &hellip;<\/p>\n<p class=\"read-more\"> <a class=\"more-link\" href=\"http:\/\/www.dylanthomas.com\/cy\/ysbrydolwch-eich-disgyblion-gydag-ymweliad-a-chanolfan-dylan-thomas\/\"> <span class=\"screen-reader-text\">Rhaglen Ysgolion \u2018Dwlu ar y Geiriau\u2019<\/span> Darllen mwy &raquo;<\/a><\/p>\n","protected":false},"author":6,"featured_media":0,"parent":0,"menu_order":0,"comment_status":"closed","ping_status":"closed","template":"","meta":{"_monsterinsights_skip_tracking":false,"_monsterinsights_sitenote_active":false,"_monsterinsights_sitenote_note":"","_monsterinsights_sitenote_category":0},"yoast_head":"<!-- This site is optimized with the Yoast SEO plugin v19.11 - https:\/\/yoast.com\/wordpress\/plugins\/seo\/ -->\n<title>Rhaglen Ysgolion \u2018Dwlu ar y Geiriau\u2019 - DylanThomas.com<\/title>\n<meta name=\"robots\" content=\"index, follow, max-snippet:-1, max-image-preview:large, max-video-preview:-1\" \/>\n<link rel=\"canonical\" href=\"http:\/\/www.dylanthomas.com\/cy\/ysbrydolwch-eich-disgyblion-gydag-ymweliad-a-chanolfan-dylan-thomas\/\" \/>\n<meta property=\"og:locale\" content=\"en_US\" \/>\n<meta property=\"og:type\" content=\"article\" \/>\n<meta property=\"og:title\" content=\"Rhaglen Ysgolion \u2018Dwlu ar y Geiriau\u2019 - DylanThomas.com\" \/>\n<meta property=\"og:description\" content=\"*Diweddariad i&#8217;n cwsmeriaid &#8211; Croeso n\u00f4l, rydym wedi gweld eich eisiau!* Ein horiau agor dros dro yw 10am i 4pm ddydd Mercher i ddydd Sul. Does dim angen i chi gadw slot i ymweld, ond byddwn yn monitro niferoedd ar &hellip; Rhaglen Ysgolion \u2018Dwlu ar y Geiriau\u2019 Darllen mwy &raquo;\" \/>\n<meta property=\"og:url\" content=\"http:\/\/www.dylanthomas.com\/cy\/ysbrydolwch-eich-disgyblion-gydag-ymweliad-a-chanolfan-dylan-thomas\/\" \/>\n<meta property=\"og:site_name\" content=\"DylanThomas.com\" \/>\n<meta property=\"article:modified_time\" content=\"2021-09-10T16:43:44+00:00\" \/>\n<meta property=\"og:image\" content=\"http:\/\/www.dylanthomas.com\/wp-content\/uploads\/2016\/03\/find-out-more-button-welsh.png\" \/>\n<meta name=\"twitter:label1\" content=\"Est. reading time\" \/>\n\t<meta name=\"twitter:data1\" content=\"7 munud\" \/>\n<script type=\"application\/ld+json\" class=\"yoast-schema-graph\">{\"@context\":\"https:\/\/schema.org\",\"@graph\":[{\"@type\":\"WebPage\",\"@id\":\"http:\/\/www.dylanthomas.com\/cy\/ysbrydolwch-eich-disgyblion-gydag-ymweliad-a-chanolfan-dylan-thomas\/\",\"url\":\"http:\/\/www.dylanthomas.com\/cy\/ysbrydolwch-eich-disgyblion-gydag-ymweliad-a-chanolfan-dylan-thomas\/\",\"name\":\"Rhaglen Ysgolion \u2018Dwlu ar y Geiriau\u2019 - DylanThomas.com\",\"isPartOf\":{\"@id\":\"http:\/\/www.dylanthomas.com\/#website\"},\"datePublished\":\"2019-05-20T08:38:20+00:00\",\"dateModified\":\"2021-09-10T16:43:44+00:00\",\"breadcrumb\":{\"@id\":\"http:\/\/www.dylanthomas.com\/cy\/ysbrydolwch-eich-disgyblion-gydag-ymweliad-a-chanolfan-dylan-thomas\/#breadcrumb\"},\"inLanguage\":\"cy\",\"potentialAction\":[{\"@type\":\"ReadAction\",\"target\":[\"http:\/\/www.dylanthomas.com\/cy\/ysbrydolwch-eich-disgyblion-gydag-ymweliad-a-chanolfan-dylan-thomas\/\"]}]},{\"@type\":\"BreadcrumbList\",\"@id\":\"http:\/\/www.dylanthomas.com\/cy\/ysbrydolwch-eich-disgyblion-gydag-ymweliad-a-chanolfan-dylan-thomas\/#breadcrumb\",\"itemListElement\":[{\"@type\":\"ListItem\",\"position\":1,\"name\":\"Home\",\"item\":\"https:\/\/www.dylanthomas.com\/cy\/\"},{\"@type\":\"ListItem\",\"position\":2,\"name\":\"Rhaglen Ysgolion \u2018Dwlu ar y Geiriau\u2019\"}]},{\"@type\":\"WebSite\",\"@id\":\"http:\/\/www.dylanthomas.com\/#website\",\"url\":\"http:\/\/www.dylanthomas.com\/\",\"name\":\"DylanThomas.com\",\"description\":\"The poet and author Dylan Thomas is Swansea&#039;s most famous son\",\"publisher\":{\"@id\":\"http:\/\/www.dylanthomas.com\/#organization\"},\"potentialAction\":[{\"@type\":\"SearchAction\",\"target\":{\"@type\":\"EntryPoint\",\"urlTemplate\":\"http:\/\/www.dylanthomas.com\/?s={search_term_string}\"},\"query-input\":\"required name=search_term_string\"}],\"inLanguage\":\"cy\"},{\"@type\":\"Organization\",\"@id\":\"http:\/\/www.dylanthomas.com\/#organization\",\"name\":\"DylanThomas.com\",\"url\":\"http:\/\/www.dylanthomas.com\/\",\"logo\":{\"@type\":\"ImageObject\",\"inLanguage\":\"cy\",\"@id\":\"http:\/\/www.dylanthomas.com\/#\/schema\/logo\/image\/\",\"url\":\"http:\/\/www.dylanthomas.com\/wp-content\/uploads\/2020\/07\/DTC-logo.png\",\"contentUrl\":\"http:\/\/www.dylanthomas.com\/wp-content\/uploads\/2020\/07\/DTC-logo.png\",\"width\":300,\"height\":100,\"caption\":\"DylanThomas.com\"},\"image\":{\"@id\":\"http:\/\/www.dylanthomas.com\/#\/schema\/logo\/image\/\"}}]}<\/script>\n<!-- \/ Yoast SEO plugin. -->","yoast_head_json":{"title":"Rhaglen Ysgolion \u2018Dwlu ar y Geiriau\u2019 - DylanThomas.com","robots":{"index":"index","follow":"follow","max-snippet":"max-snippet:-1","max-image-preview":"max-image-preview:large","max-video-preview":"max-video-preview:-1"},"canonical":"http:\/\/www.dylanthomas.com\/cy\/ysbrydolwch-eich-disgyblion-gydag-ymweliad-a-chanolfan-dylan-thomas\/","og_locale":"en_US","og_type":"article","og_title":"Rhaglen Ysgolion \u2018Dwlu ar y Geiriau\u2019 - DylanThomas.com","og_description":"*Diweddariad i&#8217;n cwsmeriaid &#8211; Croeso n\u00f4l, rydym wedi gweld eich eisiau!* Ein horiau agor dros dro yw 10am i 4pm ddydd Mercher i ddydd Sul. Does dim angen i chi gadw slot i ymweld, ond byddwn yn monitro niferoedd ar &hellip; Rhaglen Ysgolion \u2018Dwlu ar y Geiriau\u2019 Darllen mwy &raquo;","og_url":"http:\/\/www.dylanthomas.com\/cy\/ysbrydolwch-eich-disgyblion-gydag-ymweliad-a-chanolfan-dylan-thomas\/","og_site_name":"DylanThomas.com","article_modified_time":"2021-09-10T16:43:44+00:00","og_image":[{"url":"http:\/\/www.dylanthomas.com\/wp-content\/uploads\/2016\/03\/find-out-more-button-welsh.png"}],"twitter_misc":{"Est. reading time":"7 munud"},"schema":{"@context":"https:\/\/schema.org","@graph":[{"@type":"WebPage","@id":"http:\/\/www.dylanthomas.com\/cy\/ysbrydolwch-eich-disgyblion-gydag-ymweliad-a-chanolfan-dylan-thomas\/","url":"http:\/\/www.dylanthomas.com\/cy\/ysbrydolwch-eich-disgyblion-gydag-ymweliad-a-chanolfan-dylan-thomas\/","name":"Rhaglen Ysgolion \u2018Dwlu ar y Geiriau\u2019 - DylanThomas.com","isPartOf":{"@id":"http:\/\/www.dylanthomas.com\/#website"},"datePublished":"2019-05-20T08:38:20+00:00","dateModified":"2021-09-10T16:43:44+00:00","breadcrumb":{"@id":"http:\/\/www.dylanthomas.com\/cy\/ysbrydolwch-eich-disgyblion-gydag-ymweliad-a-chanolfan-dylan-thomas\/#breadcrumb"},"inLanguage":"cy","potentialAction":[{"@type":"ReadAction","target":["http:\/\/www.dylanthomas.com\/cy\/ysbrydolwch-eich-disgyblion-gydag-ymweliad-a-chanolfan-dylan-thomas\/"]}]},{"@type":"BreadcrumbList","@id":"http:\/\/www.dylanthomas.com\/cy\/ysbrydolwch-eich-disgyblion-gydag-ymweliad-a-chanolfan-dylan-thomas\/#breadcrumb","itemListElement":[{"@type":"ListItem","position":1,"name":"Home","item":"https:\/\/www.dylanthomas.com\/cy\/"},{"@type":"ListItem","position":2,"name":"Rhaglen Ysgolion \u2018Dwlu ar y Geiriau\u2019"}]},{"@type":"WebSite","@id":"http:\/\/www.dylanthomas.com\/#website","url":"http:\/\/www.dylanthomas.com\/","name":"DylanThomas.com","description":"The poet and author Dylan Thomas is Swansea&#039;s most famous son","publisher":{"@id":"http:\/\/www.dylanthomas.com\/#organization"},"potentialAction":[{"@type":"SearchAction","target":{"@type":"EntryPoint","urlTemplate":"http:\/\/www.dylanthomas.com\/?s={search_term_string}"},"query-input":"required name=search_term_string"}],"inLanguage":"cy"},{"@type":"Organization","@id":"http:\/\/www.dylanthomas.com\/#organization","name":"DylanThomas.com","url":"http:\/\/www.dylanthomas.com\/","logo":{"@type":"ImageObject","inLanguage":"cy","@id":"http:\/\/www.dylanthomas.com\/#\/schema\/logo\/image\/","url":"http:\/\/www.dylanthomas.com\/wp-content\/uploads\/2020\/07\/DTC-logo.png","contentUrl":"http:\/\/www.dylanthomas.com\/wp-content\/uploads\/2020\/07\/DTC-logo.png","width":300,"height":100,"caption":"DylanThomas.com"},"image":{"@id":"http:\/\/www.dylanthomas.com\/#\/schema\/logo\/image\/"}}]}},"_links":{"self":[{"href":"http:\/\/www.dylanthomas.com\/cy\/wp-json\/wp\/v2\/pages\/4816\/"}],"collection":[{"href":"http:\/\/www.dylanthomas.com\/cy\/wp-json\/wp\/v2\/pages\/"}],"about":[{"href":"http:\/\/www.dylanthomas.com\/cy\/wp-json\/wp\/v2\/types\/page\/"}],"author":[{"embeddable":true,"href":"http:\/\/www.dylanthomas.com\/cy\/wp-json\/wp\/v2\/users\/6\/"}],"replies":[{"embeddable":true,"href":"http:\/\/www.dylanthomas.com\/cy\/wp-json\/wp\/v2\/comments\/?post=4816"}],"version-history":[{"count":10,"href":"http:\/\/www.dylanthomas.com\/cy\/wp-json\/wp\/v2\/pages\/4816\/revisions\/"}],"predecessor-version":[{"id":7281,"href":"http:\/\/www.dylanthomas.com\/cy\/wp-json\/wp\/v2\/pages\/4816\/revisions\/7281\/"}],"wp:attachment":[{"href":"http:\/\/www.dylanthomas.com\/cy\/wp-json\/wp\/v2\/media\/?parent=4816"}],"curies":[{"name":"wp","href":"https:\/\/api.w.org\/{rel}","templated":true}]}}