{"id":1949,"date":"2014-11-24T14:34:11","date_gmt":"2014-11-24T14:34:11","guid":{"rendered":"http:\/\/www.dylanthomas.com\/?page_id=1949"},"modified":"2014-11-24T14:34:11","modified_gmt":"2014-11-24T14:34:11","slug":"deaths-entrances","status":"publish","type":"page","link":"http:\/\/www.dylanthomas.com\/cy\/canolfan-dylan-thomas\/arddangosfa-2\/deaths-entrances\/","title":{"rendered":"Deaths and Entrances"},"content":{"rendered":"<p><strong>Mae&#8217;n debyg mai <em>Deaths and Entrances<\/em> yw casgliad mwyaf adnabyddus Dylan ac mae&#8217;n cynnwys sawl cerdd sydd wedi llunio blodeugerdd yn ddiweddarach.<\/strong><\/p>\n<p>Derbyniodd glod uchel ar \u00f4l ei gyhoeddi ac roedd ei argraffiad cyntaf o 3,000 o gop\u00efau yn adlewyrchu enw da cynyddol Dylan. Roedd mor boblogaidd, ailargraffwyd 3,000 o gop\u00efau eraill fis yn ddiweddarach a rhwymwyd a dosbarthwyd mwy o gop\u00efau o <em>Twenty-Five Poems<\/em>, <em>The Map of Love<\/em> a <em>Portrait of the Artist as a Young Dog<\/em>.<\/p>\n<p>Ailgyhoeddwyd yr holl gerddi hyn yn y <em>Collected Poems<\/em>.<\/p>\n","protected":false},"excerpt":{"rendered":"<p>Mae&#8217;n debyg mai Deaths and Entrances yw casgliad mwyaf adnabyddus Dylan ac mae&#8217;n cynnwys sawl cerdd sydd wedi llunio blodeugerdd yn ddiweddarach. Derbyniodd glod uchel ar \u00f4l ei gyhoeddi ac roedd ei argraffiad cyntaf o 3,000 o gop\u00efau yn adlewyrchu &hellip;<\/p>\n<p class=\"read-more\"> <a class=\"more-link\" href=\"http:\/\/www.dylanthomas.com\/cy\/canolfan-dylan-thomas\/arddangosfa-2\/deaths-entrances\/\"> <span class=\"screen-reader-text\">Deaths and Entrances<\/span> Darllen mwy &raquo;<\/a><\/p>\n","protected":false},"author":6,"featured_media":0,"parent":634,"menu_order":0,"comment_status":"closed","ping_status":"closed","template":"","meta":{"_monsterinsights_skip_tracking":false,"_monsterinsights_sitenote_active":false,"_monsterinsights_sitenote_note":"","_monsterinsights_sitenote_category":0},"yoast_head":"<!-- This site is optimized with the Yoast SEO plugin v19.11 - https:\/\/yoast.com\/wordpress\/plugins\/seo\/ -->\n<title>Deaths and Entrances - DylanThomas.com<\/title>\n<meta name=\"robots\" content=\"index, follow, max-snippet:-1, max-image-preview:large, max-video-preview:-1\" \/>\n<link rel=\"canonical\" href=\"http:\/\/www.dylanthomas.com\/cy\/canolfan-dylan-thomas\/arddangosfa-2\/deaths-entrances\/\" \/>\n<meta property=\"og:locale\" content=\"en_US\" \/>\n<meta property=\"og:type\" content=\"article\" \/>\n<meta property=\"og:title\" content=\"Deaths and Entrances - DylanThomas.com\" \/>\n<meta property=\"og:description\" content=\"Mae&#8217;n debyg mai Deaths and Entrances yw casgliad mwyaf adnabyddus Dylan ac mae&#8217;n cynnwys sawl cerdd sydd wedi llunio blodeugerdd yn ddiweddarach. Derbyniodd glod uchel ar \u00f4l ei gyhoeddi ac roedd ei argraffiad cyntaf o 3,000 o gop\u00efau yn adlewyrchu &hellip; Deaths and Entrances Darllen mwy &raquo;\" \/>\n<meta property=\"og:url\" content=\"http:\/\/www.dylanthomas.com\/cy\/canolfan-dylan-thomas\/arddangosfa-2\/deaths-entrances\/\" \/>\n<meta property=\"og:site_name\" content=\"DylanThomas.com\" \/>\n<script type=\"application\/ld+json\" class=\"yoast-schema-graph\">{\"@context\":\"https:\/\/schema.org\",\"@graph\":[{\"@type\":\"WebPage\",\"@id\":\"http:\/\/www.dylanthomas.com\/cy\/canolfan-dylan-thomas\/arddangosfa-2\/deaths-entrances\/\",\"url\":\"http:\/\/www.dylanthomas.com\/cy\/canolfan-dylan-thomas\/arddangosfa-2\/deaths-entrances\/\",\"name\":\"Deaths and Entrances - DylanThomas.com\",\"isPartOf\":{\"@id\":\"http:\/\/www.dylanthomas.com\/#website\"},\"datePublished\":\"2014-11-24T14:34:11+00:00\",\"dateModified\":\"2014-11-24T14:34:11+00:00\",\"breadcrumb\":{\"@id\":\"http:\/\/www.dylanthomas.com\/cy\/canolfan-dylan-thomas\/arddangosfa-2\/deaths-entrances\/#breadcrumb\"},\"inLanguage\":\"cy\",\"potentialAction\":[{\"@type\":\"ReadAction\",\"target\":[\"http:\/\/www.dylanthomas.com\/cy\/canolfan-dylan-thomas\/arddangosfa-2\/deaths-entrances\/\"]}]},{\"@type\":\"BreadcrumbList\",\"@id\":\"http:\/\/www.dylanthomas.com\/cy\/canolfan-dylan-thomas\/arddangosfa-2\/deaths-entrances\/#breadcrumb\",\"itemListElement\":[{\"@type\":\"ListItem\",\"position\":1,\"name\":\"Home\",\"item\":\"http:\/\/www.dylanthomas.com\/cy\/\"},{\"@type\":\"ListItem\",\"position\":2,\"name\":\"Canolfan Dylan Thomas\",\"item\":\"http:\/\/www.dylanthomas.com\/cy\/\"},{\"@type\":\"ListItem\",\"position\":3,\"name\":\"Arddangosfa\",\"item\":\"https:\/\/www.dylanthomas.com\/cy\/?page_id=634\"},{\"@type\":\"ListItem\",\"position\":4,\"name\":\"Deaths and Entrances\"}]},{\"@type\":\"WebSite\",\"@id\":\"http:\/\/www.dylanthomas.com\/#website\",\"url\":\"http:\/\/www.dylanthomas.com\/\",\"name\":\"DylanThomas.com\",\"description\":\"The poet and author Dylan Thomas is Swansea&#039;s most famous son\",\"publisher\":{\"@id\":\"http:\/\/www.dylanthomas.com\/#organization\"},\"potentialAction\":[{\"@type\":\"SearchAction\",\"target\":{\"@type\":\"EntryPoint\",\"urlTemplate\":\"http:\/\/www.dylanthomas.com\/?s={search_term_string}\"},\"query-input\":\"required name=search_term_string\"}],\"inLanguage\":\"cy\"},{\"@type\":\"Organization\",\"@id\":\"http:\/\/www.dylanthomas.com\/#organization\",\"name\":\"DylanThomas.com\",\"url\":\"http:\/\/www.dylanthomas.com\/\",\"logo\":{\"@type\":\"ImageObject\",\"inLanguage\":\"cy\",\"@id\":\"http:\/\/www.dylanthomas.com\/#\/schema\/logo\/image\/\",\"url\":\"http:\/\/www.dylanthomas.com\/wp-content\/uploads\/2020\/07\/DTC-logo.png\",\"contentUrl\":\"http:\/\/www.dylanthomas.com\/wp-content\/uploads\/2020\/07\/DTC-logo.png\",\"width\":300,\"height\":100,\"caption\":\"DylanThomas.com\"},\"image\":{\"@id\":\"http:\/\/www.dylanthomas.com\/#\/schema\/logo\/image\/\"}}]}<\/script>\n<!-- \/ Yoast SEO plugin. -->","yoast_head_json":{"title":"Deaths and Entrances - DylanThomas.com","robots":{"index":"index","follow":"follow","max-snippet":"max-snippet:-1","max-image-preview":"max-image-preview:large","max-video-preview":"max-video-preview:-1"},"canonical":"http:\/\/www.dylanthomas.com\/cy\/canolfan-dylan-thomas\/arddangosfa-2\/deaths-entrances\/","og_locale":"en_US","og_type":"article","og_title":"Deaths and Entrances - DylanThomas.com","og_description":"Mae&#8217;n debyg mai Deaths and Entrances yw casgliad mwyaf adnabyddus Dylan ac mae&#8217;n cynnwys sawl cerdd sydd wedi llunio blodeugerdd yn ddiweddarach. Derbyniodd glod uchel ar \u00f4l ei gyhoeddi ac roedd ei argraffiad cyntaf o 3,000 o gop\u00efau yn adlewyrchu &hellip; Deaths and Entrances Darllen mwy &raquo;","og_url":"http:\/\/www.dylanthomas.com\/cy\/canolfan-dylan-thomas\/arddangosfa-2\/deaths-entrances\/","og_site_name":"DylanThomas.com","schema":{"@context":"https:\/\/schema.org","@graph":[{"@type":"WebPage","@id":"http:\/\/www.dylanthomas.com\/cy\/canolfan-dylan-thomas\/arddangosfa-2\/deaths-entrances\/","url":"http:\/\/www.dylanthomas.com\/cy\/canolfan-dylan-thomas\/arddangosfa-2\/deaths-entrances\/","name":"Deaths and Entrances - DylanThomas.com","isPartOf":{"@id":"http:\/\/www.dylanthomas.com\/#website"},"datePublished":"2014-11-24T14:34:11+00:00","dateModified":"2014-11-24T14:34:11+00:00","breadcrumb":{"@id":"http:\/\/www.dylanthomas.com\/cy\/canolfan-dylan-thomas\/arddangosfa-2\/deaths-entrances\/#breadcrumb"},"inLanguage":"cy","potentialAction":[{"@type":"ReadAction","target":["http:\/\/www.dylanthomas.com\/cy\/canolfan-dylan-thomas\/arddangosfa-2\/deaths-entrances\/"]}]},{"@type":"BreadcrumbList","@id":"http:\/\/www.dylanthomas.com\/cy\/canolfan-dylan-thomas\/arddangosfa-2\/deaths-entrances\/#breadcrumb","itemListElement":[{"@type":"ListItem","position":1,"name":"Home","item":"http:\/\/www.dylanthomas.com\/cy\/"},{"@type":"ListItem","position":2,"name":"Canolfan Dylan Thomas","item":"http:\/\/www.dylanthomas.com\/cy\/"},{"@type":"ListItem","position":3,"name":"Arddangosfa","item":"https:\/\/www.dylanthomas.com\/cy\/?page_id=634"},{"@type":"ListItem","position":4,"name":"Deaths and Entrances"}]},{"@type":"WebSite","@id":"http:\/\/www.dylanthomas.com\/#website","url":"http:\/\/www.dylanthomas.com\/","name":"DylanThomas.com","description":"The poet and author Dylan Thomas is Swansea&#039;s most famous son","publisher":{"@id":"http:\/\/www.dylanthomas.com\/#organization"},"potentialAction":[{"@type":"SearchAction","target":{"@type":"EntryPoint","urlTemplate":"http:\/\/www.dylanthomas.com\/?s={search_term_string}"},"query-input":"required name=search_term_string"}],"inLanguage":"cy"},{"@type":"Organization","@id":"http:\/\/www.dylanthomas.com\/#organization","name":"DylanThomas.com","url":"http:\/\/www.dylanthomas.com\/","logo":{"@type":"ImageObject","inLanguage":"cy","@id":"http:\/\/www.dylanthomas.com\/#\/schema\/logo\/image\/","url":"http:\/\/www.dylanthomas.com\/wp-content\/uploads\/2020\/07\/DTC-logo.png","contentUrl":"http:\/\/www.dylanthomas.com\/wp-content\/uploads\/2020\/07\/DTC-logo.png","width":300,"height":100,"caption":"DylanThomas.com"},"image":{"@id":"http:\/\/www.dylanthomas.com\/#\/schema\/logo\/image\/"}}]}},"_links":{"self":[{"href":"http:\/\/www.dylanthomas.com\/cy\/wp-json\/wp\/v2\/pages\/1949\/"}],"collection":[{"href":"http:\/\/www.dylanthomas.com\/cy\/wp-json\/wp\/v2\/pages\/"}],"about":[{"href":"http:\/\/www.dylanthomas.com\/cy\/wp-json\/wp\/v2\/types\/page\/"}],"author":[{"embeddable":true,"href":"http:\/\/www.dylanthomas.com\/cy\/wp-json\/wp\/v2\/users\/6\/"}],"replies":[{"embeddable":true,"href":"http:\/\/www.dylanthomas.com\/cy\/wp-json\/wp\/v2\/comments\/?post=1949"}],"version-history":[{"count":1,"href":"http:\/\/www.dylanthomas.com\/cy\/wp-json\/wp\/v2\/pages\/1949\/revisions\/"}],"predecessor-version":[{"id":1950,"href":"http:\/\/www.dylanthomas.com\/cy\/wp-json\/wp\/v2\/pages\/1949\/revisions\/1950\/"}],"up":[{"embeddable":true,"href":"http:\/\/www.dylanthomas.com\/cy\/wp-json\/wp\/v2\/pages\/634\/"}],"wp:attachment":[{"href":"http:\/\/www.dylanthomas.com\/cy\/wp-json\/wp\/v2\/media\/?parent=1949"}],"curies":[{"name":"wp","href":"https:\/\/api.w.org\/{rel}","templated":true}]}}