{"id":1945,"date":"2014-11-24T14:17:12","date_gmt":"2014-11-24T14:17:12","guid":{"rendered":"http:\/\/www.dylanthomas.com\/?page_id=1945"},"modified":"2014-11-24T14:17:12","modified_gmt":"2014-11-24T14:17:12","slug":"dylan-thomas-100-2","status":"publish","type":"page","link":"http:\/\/www.dylanthomas.com\/cy\/dylan-thomas-100-2\/","title":{"rendered":"Dylan Thomas 100"},"content":{"rendered":"<p>Dathliad rhyngwladol o weithgareddau yw Dylan Thomas 100 i ddathlu 100 mlynedd ers genedigaeth Dylan Thomas yn 2014. Mae Llywodraeth Cymru&#8217;n arwain mewn partneriaeth ag awdurdodau lleol allweddol a sefydliadau eraill yng Nghymru i ddathlu bywyd a gwaith yr awdur arbennig gyda digwyddiadau ledled Cymru, yn y DU ac ym mhedwar ban byd. Mae gan y fenter nifer o lysgenhadon proffil uchel gyda Noddwr Brenhinol EM Tywysog Cymru a Noddwr Anrhydeddus Hannah Ellis, wyres Dylan Thomas.<\/p>\n<p>Cewch fwy o wybodaeth yn:-\u00a0<a href=\"http:\/\/www.dylanthomas100.org\/\">www.dylanthomas100.org<\/a><\/p>\n<p>&nbsp;<\/p>\n<p><strong>Digwyddiadau Dylan Thomas 100 yn Abertawe<\/strong><\/p>\n<p><strong>O amgylch Canolfan Dylan Thomas a thrwy gydol y Ddinas Abertawe <\/strong><br \/>\nFel y man canolog rhyngwladol i ddilynwyr ac ysgolheigion Dylan, bydd y ganolfan yn cyflwyno g\u0175yl gyffrous drwy gydol y flwyddyn yn dathlu mab enwocaf Abertawe, gan arddangos y gorau mewn ysgrifennu modern.<\/p>\n<p>Byddwn yn comisiynu gwaith newydd, arddangos nodiaduron Dylan Thomas, a fydd yn dychwelyd i Abertawe am y tro cyntaf, ac yn datblygu ac yn ehangu Arddangosfa Dylan Thomas.<\/p>\n<p><strong>Penwythnosau Dylan<\/strong><br \/>\nGwyliau ar benwythnosau yn Nhalacharn gyda barddoniaeth, bywgraffiad, cerddoriaeth, ffilm, radio a chomedi.<\/p>\n<p><strong>Hynt Dylan gan Lenyddiaeth Cymru<\/strong><br \/>\nBydd Llenyddiaeth Cymru yn cyflwyno teithiau ac arosiadau, a fydd yn cynnwys caiacio o Dalacharn i Lansteffan, teithiau cart a cheffyl i Fferm Fern Hill, jazz a barddoniaeth bitnic yn Rhydychen a thaith y tu \u00f4l i&#8217;r llenni o Amgueddfa Genedlaethol Cymru.<\/p>\n<p><strong>T\u0177 Cwch Dylan Thomas<\/strong><br \/>\nDigwyddiadau s\u00ear, llenyddol a chelf yn y T\u0177 Cwch, Penwythnos Talacharn ym mis Ebrill a&#8217;r Profiad &#8216;Sied Ysgrifennu&#8217; (ar draws Sir Gaerfyrddin).<\/p>\n<p><strong>Prifysgol Bangor<\/strong><br \/>\nG\u0175yl Fy Nghyfaill Dylan &#8211; ymatebion cerddorol i waith Dylan Thomas.<\/p>\n<p><strong>&#8216;Good Cop Bad Cop&#8217; gyda Chapter, Caerdydd<\/strong><br \/>\nLleisiau\/Voices \u2013 dathliad ac archwiliad o hanes perfformio Cymru o&#8217;r gair llafar.<\/p>\n<p><strong>Man Geni Dylan Thomas yn 5 Rhodfa Cwmdoncyn<\/strong><br \/>\nDylanathon \u2013 marathon ffotograffau sy&#8217;n dathlu bywyd a gwaith Dylan Thomas<\/p>\n<p><strong>Oriel luniau<\/strong><br \/>\nBedazzled &#8211; a Welshman in New York &#8211; digwyddiadau&#8217;n seiliedig ar berfformio, mewn tafarnau a bariau segur.<\/p>\n<p><strong>Theatr Lighthouse Ltd<\/strong><br \/>\nPerfformiad promen\u00e2d yn Abertawe o Return Journey gan Dylan Thomas<\/p>\n<p><strong>Locws<\/strong><br \/>\nYmyriadau celf cyfoes yn y ddinas o amgylch lleoliadau allweddol sy&#8217;n gysylltiedig \u00e2 Dylan Thomas.<\/p>\n<p><strong>Llyfrgell Genedlaethol Cymru, Aberystwyth<\/strong><br \/>\nBydd LlGC yn arddangos yr archif a gasglwyd yn ddiweddar o waith Dylan Thomas mewn arddangosfa arbennig sy&#8217;n addo mewnwelediadau a chanfyddiadau newydd.<\/p>\n<p><strong>Yr Amgueddfa Genedlaethol, Caerdydd<\/strong><br \/>\nBydd yr Amgueddfa yn cyhoeddi rhagflas ar gyfer canmlwyddiant Dylan Thomas ar y cyd ag artist blaenllaw y DU.<\/p>\n<p><strong>Theatr Genedlaethol Cymru ar y cyd \u00e2 BBC Cymru<\/strong><br \/>\nDigwyddiad byd-eang gyda chymysgedd llawn s\u00ear o ddarllediadau ffilm byw a pherfformiadau.<\/p>\n<p><strong>Oriel Myrddin<\/strong><br \/>\nCelf weledol sy&#8217;n benodol i&#8217;r safle gyda&#8217;r curadur Craig Wood.<\/p>\n<p><strong>G\u0175yl Gerdd a Chelfyddydau Abertawe<\/strong><br \/>\nByddwn yn clywed Trioleg Dylan Thomas gan John Corigliano o Efrog Newydd am y tro cyntaf yng Nghymru yng ng\u0175yl flynyddol eleni ynghyd \u00e2 chomisiwn g\u0175yl gan Karl Jenkins, y cyfansoddwr o Abertawe, o&#8217;r enw Llareggub.<\/p>\n<p><strong>Canolfan Celfyddydau Taliesin<\/strong><br \/>\nOpera newydd gan John Metcalf yn seiliedig ar y darllediad radio cyntaf o Under Milk Wood yn Efrog Newydd.<\/p>\n<p><strong>Theatr Iolo<\/strong><br \/>\nMae&#8217;r cwmni&#8217;n gweithio gyda phobl ifanc a bydd yn perfformio addasiad modern o destun Adventures of the Skin Trade gan Dylan Thomas.<\/p>\n<p>Bydd<strong> y Cyfarwyddwr arobryn Michael Bogdanov<\/strong><br \/>\nyn dod \u00e2 dathliad y canmlwyddiant i ben gyda chynhyrchiad o A Child&#8217;s Christmas in Wales yn Theatr y Grand, gyda thaith ledled Cymru i ddilyn.<\/p>\n","protected":false},"excerpt":{"rendered":"<p>Dathliad rhyngwladol o weithgareddau yw Dylan Thomas 100 i ddathlu 100 mlynedd ers genedigaeth Dylan Thomas yn 2014. Mae Llywodraeth Cymru&#8217;n arwain mewn partneriaeth ag awdurdodau lleol allweddol a sefydliadau eraill yng Nghymru i ddathlu bywyd a gwaith yr awdur &hellip;<\/p>\n<p class=\"read-more\"> <a class=\"more-link\" href=\"http:\/\/www.dylanthomas.com\/cy\/dylan-thomas-100-2\/\"> <span class=\"screen-reader-text\">Dylan Thomas 100<\/span> Darllen mwy &raquo;<\/a><\/p>\n","protected":false},"author":6,"featured_media":0,"parent":0,"menu_order":0,"comment_status":"closed","ping_status":"closed","template":"","meta":{"_monsterinsights_skip_tracking":false,"_monsterinsights_sitenote_active":false,"_monsterinsights_sitenote_note":"","_monsterinsights_sitenote_category":0},"yoast_head":"<!-- This site is optimized with the Yoast SEO plugin v19.11 - https:\/\/yoast.com\/wordpress\/plugins\/seo\/ -->\n<title>Dylan Thomas 100 - DylanThomas.com<\/title>\n<meta name=\"robots\" content=\"index, follow, max-snippet:-1, max-image-preview:large, max-video-preview:-1\" \/>\n<link rel=\"canonical\" href=\"http:\/\/www.dylanthomas.com\/cy\/dylan-thomas-100-2\/\" \/>\n<meta property=\"og:locale\" content=\"en_US\" \/>\n<meta property=\"og:type\" content=\"article\" \/>\n<meta property=\"og:title\" content=\"Dylan Thomas 100 - DylanThomas.com\" \/>\n<meta property=\"og:description\" content=\"Dathliad rhyngwladol o weithgareddau yw Dylan Thomas 100 i ddathlu 100 mlynedd ers genedigaeth Dylan Thomas yn 2014. Mae Llywodraeth Cymru&#8217;n arwain mewn partneriaeth ag awdurdodau lleol allweddol a sefydliadau eraill yng Nghymru i ddathlu bywyd a gwaith yr awdur &hellip; Dylan Thomas 100 Darllen mwy &raquo;\" \/>\n<meta property=\"og:url\" content=\"http:\/\/www.dylanthomas.com\/cy\/dylan-thomas-100-2\/\" \/>\n<meta property=\"og:site_name\" content=\"DylanThomas.com\" \/>\n<meta name=\"twitter:label1\" content=\"Est. reading time\" \/>\n\t<meta name=\"twitter:data1\" content=\"3 munud\" \/>\n<script type=\"application\/ld+json\" class=\"yoast-schema-graph\">{\"@context\":\"https:\/\/schema.org\",\"@graph\":[{\"@type\":\"WebPage\",\"@id\":\"http:\/\/www.dylanthomas.com\/cy\/dylan-thomas-100-2\/\",\"url\":\"http:\/\/www.dylanthomas.com\/cy\/dylan-thomas-100-2\/\",\"name\":\"Dylan Thomas 100 - DylanThomas.com\",\"isPartOf\":{\"@id\":\"http:\/\/www.dylanthomas.com\/#website\"},\"datePublished\":\"2014-11-24T14:17:12+00:00\",\"dateModified\":\"2014-11-24T14:17:12+00:00\",\"breadcrumb\":{\"@id\":\"http:\/\/www.dylanthomas.com\/cy\/dylan-thomas-100-2\/#breadcrumb\"},\"inLanguage\":\"cy\",\"potentialAction\":[{\"@type\":\"ReadAction\",\"target\":[\"http:\/\/www.dylanthomas.com\/cy\/dylan-thomas-100-2\/\"]}]},{\"@type\":\"BreadcrumbList\",\"@id\":\"http:\/\/www.dylanthomas.com\/cy\/dylan-thomas-100-2\/#breadcrumb\",\"itemListElement\":[{\"@type\":\"ListItem\",\"position\":1,\"name\":\"Home\",\"item\":\"http:\/\/www.dylanthomas.com\/cy\/\"},{\"@type\":\"ListItem\",\"position\":2,\"name\":\"Dylan Thomas 100\"}]},{\"@type\":\"WebSite\",\"@id\":\"http:\/\/www.dylanthomas.com\/#website\",\"url\":\"http:\/\/www.dylanthomas.com\/\",\"name\":\"DylanThomas.com\",\"description\":\"The poet and author Dylan Thomas is Swansea&#039;s most famous son\",\"publisher\":{\"@id\":\"http:\/\/www.dylanthomas.com\/#organization\"},\"potentialAction\":[{\"@type\":\"SearchAction\",\"target\":{\"@type\":\"EntryPoint\",\"urlTemplate\":\"http:\/\/www.dylanthomas.com\/?s={search_term_string}\"},\"query-input\":\"required name=search_term_string\"}],\"inLanguage\":\"cy\"},{\"@type\":\"Organization\",\"@id\":\"http:\/\/www.dylanthomas.com\/#organization\",\"name\":\"DylanThomas.com\",\"url\":\"http:\/\/www.dylanthomas.com\/\",\"logo\":{\"@type\":\"ImageObject\",\"inLanguage\":\"cy\",\"@id\":\"http:\/\/www.dylanthomas.com\/#\/schema\/logo\/image\/\",\"url\":\"http:\/\/www.dylanthomas.com\/wp-content\/uploads\/2020\/07\/DTC-logo.png\",\"contentUrl\":\"http:\/\/www.dylanthomas.com\/wp-content\/uploads\/2020\/07\/DTC-logo.png\",\"width\":300,\"height\":100,\"caption\":\"DylanThomas.com\"},\"image\":{\"@id\":\"http:\/\/www.dylanthomas.com\/#\/schema\/logo\/image\/\"}}]}<\/script>\n<!-- \/ Yoast SEO plugin. -->","yoast_head_json":{"title":"Dylan Thomas 100 - DylanThomas.com","robots":{"index":"index","follow":"follow","max-snippet":"max-snippet:-1","max-image-preview":"max-image-preview:large","max-video-preview":"max-video-preview:-1"},"canonical":"http:\/\/www.dylanthomas.com\/cy\/dylan-thomas-100-2\/","og_locale":"en_US","og_type":"article","og_title":"Dylan Thomas 100 - DylanThomas.com","og_description":"Dathliad rhyngwladol o weithgareddau yw Dylan Thomas 100 i ddathlu 100 mlynedd ers genedigaeth Dylan Thomas yn 2014. Mae Llywodraeth Cymru&#8217;n arwain mewn partneriaeth ag awdurdodau lleol allweddol a sefydliadau eraill yng Nghymru i ddathlu bywyd a gwaith yr awdur &hellip; Dylan Thomas 100 Darllen mwy &raquo;","og_url":"http:\/\/www.dylanthomas.com\/cy\/dylan-thomas-100-2\/","og_site_name":"DylanThomas.com","twitter_misc":{"Est. reading time":"3 munud"},"schema":{"@context":"https:\/\/schema.org","@graph":[{"@type":"WebPage","@id":"http:\/\/www.dylanthomas.com\/cy\/dylan-thomas-100-2\/","url":"http:\/\/www.dylanthomas.com\/cy\/dylan-thomas-100-2\/","name":"Dylan Thomas 100 - DylanThomas.com","isPartOf":{"@id":"http:\/\/www.dylanthomas.com\/#website"},"datePublished":"2014-11-24T14:17:12+00:00","dateModified":"2014-11-24T14:17:12+00:00","breadcrumb":{"@id":"http:\/\/www.dylanthomas.com\/cy\/dylan-thomas-100-2\/#breadcrumb"},"inLanguage":"cy","potentialAction":[{"@type":"ReadAction","target":["http:\/\/www.dylanthomas.com\/cy\/dylan-thomas-100-2\/"]}]},{"@type":"BreadcrumbList","@id":"http:\/\/www.dylanthomas.com\/cy\/dylan-thomas-100-2\/#breadcrumb","itemListElement":[{"@type":"ListItem","position":1,"name":"Home","item":"http:\/\/www.dylanthomas.com\/cy\/"},{"@type":"ListItem","position":2,"name":"Dylan Thomas 100"}]},{"@type":"WebSite","@id":"http:\/\/www.dylanthomas.com\/#website","url":"http:\/\/www.dylanthomas.com\/","name":"DylanThomas.com","description":"The poet and author Dylan Thomas is Swansea&#039;s most famous son","publisher":{"@id":"http:\/\/www.dylanthomas.com\/#organization"},"potentialAction":[{"@type":"SearchAction","target":{"@type":"EntryPoint","urlTemplate":"http:\/\/www.dylanthomas.com\/?s={search_term_string}"},"query-input":"required name=search_term_string"}],"inLanguage":"cy"},{"@type":"Organization","@id":"http:\/\/www.dylanthomas.com\/#organization","name":"DylanThomas.com","url":"http:\/\/www.dylanthomas.com\/","logo":{"@type":"ImageObject","inLanguage":"cy","@id":"http:\/\/www.dylanthomas.com\/#\/schema\/logo\/image\/","url":"http:\/\/www.dylanthomas.com\/wp-content\/uploads\/2020\/07\/DTC-logo.png","contentUrl":"http:\/\/www.dylanthomas.com\/wp-content\/uploads\/2020\/07\/DTC-logo.png","width":300,"height":100,"caption":"DylanThomas.com"},"image":{"@id":"http:\/\/www.dylanthomas.com\/#\/schema\/logo\/image\/"}}]}},"_links":{"self":[{"href":"http:\/\/www.dylanthomas.com\/cy\/wp-json\/wp\/v2\/pages\/1945\/"}],"collection":[{"href":"http:\/\/www.dylanthomas.com\/cy\/wp-json\/wp\/v2\/pages\/"}],"about":[{"href":"http:\/\/www.dylanthomas.com\/cy\/wp-json\/wp\/v2\/types\/page\/"}],"author":[{"embeddable":true,"href":"http:\/\/www.dylanthomas.com\/cy\/wp-json\/wp\/v2\/users\/6\/"}],"replies":[{"embeddable":true,"href":"http:\/\/www.dylanthomas.com\/cy\/wp-json\/wp\/v2\/comments\/?post=1945"}],"version-history":[{"count":1,"href":"http:\/\/www.dylanthomas.com\/cy\/wp-json\/wp\/v2\/pages\/1945\/revisions\/"}],"predecessor-version":[{"id":1946,"href":"http:\/\/www.dylanthomas.com\/cy\/wp-json\/wp\/v2\/pages\/1945\/revisions\/1946\/"}],"wp:attachment":[{"href":"http:\/\/www.dylanthomas.com\/cy\/wp-json\/wp\/v2\/media\/?parent=1945"}],"curies":[{"name":"wp","href":"https:\/\/api.w.org\/{rel}","templated":true}]}}