{"id":1924,"date":"2014-11-12T14:05:17","date_gmt":"2014-11-12T14:05:17","guid":{"rendered":"http:\/\/www.dylanthomas.com\/?page_id=1924"},"modified":"2014-11-12T14:05:17","modified_gmt":"2014-11-12T14:05:17","slug":"death-entrances","status":"publish","type":"page","link":"http:\/\/www.dylanthomas.com\/cy\/dylan\/gwaith-dylan\/death-entrances\/","title":{"rendered":"Death and Entrances"},"content":{"rendered":"<p><strong>Mae&#8217;n debyg mai Deaths and Entrances yw casgliad mwyaf adnabyddus Dylan ac mae&#8217;n cynnwys sawl cerdd sydd wedi llunio blodeugerdd yn ddiweddarach.<\/strong><\/p>\n<p>Derbyniodd glod uchel ar \u00f4l ei gyhoeddi ac roedd ei argraffiad cyntaf o 3,000 o gop\u00efau yn adlewyrchu enw da cynyddol Dylan. Roedd mor boblogaidd, ailargraffwyd 3,000 o gop\u00efau eraill fis yn ddiweddarach a rhwymwyd a dosbarthwyd mwy o gop\u00efau o Twenty-Five Poems, The Map of Love a Portrait of the Artist as a Young Dog.<\/p>\n<p>Ailgyhoeddwyd yr holl gerddi hyn yn y Collected Poems.<\/p>\n<ul>\n<li>The conversation of prayers<\/li>\n<li>A Refusal to Mourn the Death, by Fire, of a Child in London<\/li>\n<li>Poem in October<\/li>\n<li>This side of the truth<\/li>\n<li>To Others than You<\/li>\n<li>Love in the Asylum<\/li>\n<li>Unluckily for a death<\/li>\n<li>The hunchback in the park<\/li>\n<li>Into her lying down head<\/li>\n<li>Paper and sticks<\/li>\n<li>Deaths and Entrances<\/li>\n<li>A Winter&#8217;s Tale<\/li>\n<li>On a Wedding Anniversary<\/li>\n<li>There was a saviour<\/li>\n<li>On the Marriage of a Virgin<\/li>\n<li>In my craft or sullen art<\/li>\n<li>Ceremony After a Fire Raid<\/li>\n<li>Once below a time<\/li>\n<li>When I woke<\/li>\n<li>Among those Killed in the Dawn Raid was a Man Aged a Hundred<\/li>\n<li>Lie still, sleep becalmed<\/li>\n<li>Vision and Prayer<\/li>\n<li>Ballad of the Long-legged Bait<\/li>\n<li>Holy Spring<\/li>\n<li>Fern Hill<\/li>\n<\/ul>\n","protected":false},"excerpt":{"rendered":"<p>Mae&#8217;n debyg mai Deaths and Entrances yw casgliad mwyaf adnabyddus Dylan ac mae&#8217;n cynnwys sawl cerdd sydd wedi llunio blodeugerdd yn ddiweddarach. Derbyniodd glod uchel ar \u00f4l ei gyhoeddi ac roedd ei argraffiad cyntaf o 3,000 o gop\u00efau yn adlewyrchu &hellip;<\/p>\n<p class=\"read-more\"> <a class=\"more-link\" href=\"http:\/\/www.dylanthomas.com\/cy\/dylan\/gwaith-dylan\/death-entrances\/\"> <span class=\"screen-reader-text\">Death and Entrances<\/span> Darllen mwy &raquo;<\/a><\/p>\n","protected":false},"author":6,"featured_media":0,"parent":622,"menu_order":0,"comment_status":"closed","ping_status":"closed","template":"","meta":{"_monsterinsights_skip_tracking":false,"_monsterinsights_sitenote_active":false,"_monsterinsights_sitenote_note":"","_monsterinsights_sitenote_category":0},"yoast_head":"<!-- This site is optimized with the Yoast SEO plugin v19.11 - https:\/\/yoast.com\/wordpress\/plugins\/seo\/ -->\n<title>Death and Entrances - DylanThomas.com<\/title>\n<meta name=\"robots\" content=\"index, follow, max-snippet:-1, max-image-preview:large, max-video-preview:-1\" \/>\n<link rel=\"canonical\" href=\"http:\/\/www.dylanthomas.com\/cy\/dylan\/gwaith-dylan\/death-entrances\/\" \/>\n<meta property=\"og:locale\" content=\"en_US\" \/>\n<meta property=\"og:type\" content=\"article\" \/>\n<meta property=\"og:title\" content=\"Death and Entrances - DylanThomas.com\" \/>\n<meta property=\"og:description\" content=\"Mae&#8217;n debyg mai Deaths and Entrances yw casgliad mwyaf adnabyddus Dylan ac mae&#8217;n cynnwys sawl cerdd sydd wedi llunio blodeugerdd yn ddiweddarach. Derbyniodd glod uchel ar \u00f4l ei gyhoeddi ac roedd ei argraffiad cyntaf o 3,000 o gop\u00efau yn adlewyrchu &hellip; Death and Entrances Darllen mwy &raquo;\" \/>\n<meta property=\"og:url\" content=\"http:\/\/www.dylanthomas.com\/cy\/dylan\/gwaith-dylan\/death-entrances\/\" \/>\n<meta property=\"og:site_name\" content=\"DylanThomas.com\" \/>\n<meta name=\"twitter:label1\" content=\"Est. reading time\" \/>\n\t<meta name=\"twitter:data1\" content=\"1 munud\" \/>\n<script type=\"application\/ld+json\" class=\"yoast-schema-graph\">{\"@context\":\"https:\/\/schema.org\",\"@graph\":[{\"@type\":\"WebPage\",\"@id\":\"http:\/\/www.dylanthomas.com\/cy\/dylan\/gwaith-dylan\/death-entrances\/\",\"url\":\"http:\/\/www.dylanthomas.com\/cy\/dylan\/gwaith-dylan\/death-entrances\/\",\"name\":\"Death and Entrances - DylanThomas.com\",\"isPartOf\":{\"@id\":\"https:\/\/www.dylanthomas.com\/#website\"},\"datePublished\":\"2014-11-12T14:05:17+00:00\",\"dateModified\":\"2014-11-12T14:05:17+00:00\",\"breadcrumb\":{\"@id\":\"http:\/\/www.dylanthomas.com\/cy\/dylan\/gwaith-dylan\/death-entrances\/#breadcrumb\"},\"inLanguage\":\"cy\",\"potentialAction\":[{\"@type\":\"ReadAction\",\"target\":[\"http:\/\/www.dylanthomas.com\/cy\/dylan\/gwaith-dylan\/death-entrances\/\"]}]},{\"@type\":\"BreadcrumbList\",\"@id\":\"http:\/\/www.dylanthomas.com\/cy\/dylan\/gwaith-dylan\/death-entrances\/#breadcrumb\",\"itemListElement\":[{\"@type\":\"ListItem\",\"position\":1,\"name\":\"Home\",\"item\":\"http:\/\/www.dylanthomas.com\/cy\/\"},{\"@type\":\"ListItem\",\"position\":2,\"name\":\"Am Dylan\",\"item\":\"http:\/\/www.dylanthomas.com\/cy\/dylan\/\"},{\"@type\":\"ListItem\",\"position\":3,\"name\":\"Gwaith Dylan\",\"item\":\"http:\/\/www.dylanthomas.com\/cy\/dylan\/gwaith-dylan\/\"},{\"@type\":\"ListItem\",\"position\":4,\"name\":\"Death and Entrances\"}]},{\"@type\":\"WebSite\",\"@id\":\"https:\/\/www.dylanthomas.com\/#website\",\"url\":\"https:\/\/www.dylanthomas.com\/\",\"name\":\"DylanThomas.com\",\"description\":\"The poet and author Dylan Thomas is Swansea&#039;s most famous son\",\"publisher\":{\"@id\":\"https:\/\/www.dylanthomas.com\/#organization\"},\"potentialAction\":[{\"@type\":\"SearchAction\",\"target\":{\"@type\":\"EntryPoint\",\"urlTemplate\":\"https:\/\/www.dylanthomas.com\/?s={search_term_string}\"},\"query-input\":\"required name=search_term_string\"}],\"inLanguage\":\"cy\"},{\"@type\":\"Organization\",\"@id\":\"https:\/\/www.dylanthomas.com\/#organization\",\"name\":\"DylanThomas.com\",\"url\":\"https:\/\/www.dylanthomas.com\/\",\"logo\":{\"@type\":\"ImageObject\",\"inLanguage\":\"cy\",\"@id\":\"https:\/\/www.dylanthomas.com\/#\/schema\/logo\/image\/\",\"url\":\"http:\/\/www.dylanthomas.com\/wp-content\/uploads\/2020\/07\/DTC-logo.png\",\"contentUrl\":\"http:\/\/www.dylanthomas.com\/wp-content\/uploads\/2020\/07\/DTC-logo.png\",\"width\":300,\"height\":100,\"caption\":\"DylanThomas.com\"},\"image\":{\"@id\":\"https:\/\/www.dylanthomas.com\/#\/schema\/logo\/image\/\"}}]}<\/script>\n<!-- \/ Yoast SEO plugin. -->","yoast_head_json":{"title":"Death and Entrances - DylanThomas.com","robots":{"index":"index","follow":"follow","max-snippet":"max-snippet:-1","max-image-preview":"max-image-preview:large","max-video-preview":"max-video-preview:-1"},"canonical":"http:\/\/www.dylanthomas.com\/cy\/dylan\/gwaith-dylan\/death-entrances\/","og_locale":"en_US","og_type":"article","og_title":"Death and Entrances - DylanThomas.com","og_description":"Mae&#8217;n debyg mai Deaths and Entrances yw casgliad mwyaf adnabyddus Dylan ac mae&#8217;n cynnwys sawl cerdd sydd wedi llunio blodeugerdd yn ddiweddarach. Derbyniodd glod uchel ar \u00f4l ei gyhoeddi ac roedd ei argraffiad cyntaf o 3,000 o gop\u00efau yn adlewyrchu &hellip; Death and Entrances Darllen mwy &raquo;","og_url":"http:\/\/www.dylanthomas.com\/cy\/dylan\/gwaith-dylan\/death-entrances\/","og_site_name":"DylanThomas.com","twitter_misc":{"Est. reading time":"1 munud"},"schema":{"@context":"https:\/\/schema.org","@graph":[{"@type":"WebPage","@id":"http:\/\/www.dylanthomas.com\/cy\/dylan\/gwaith-dylan\/death-entrances\/","url":"http:\/\/www.dylanthomas.com\/cy\/dylan\/gwaith-dylan\/death-entrances\/","name":"Death and Entrances - DylanThomas.com","isPartOf":{"@id":"https:\/\/www.dylanthomas.com\/#website"},"datePublished":"2014-11-12T14:05:17+00:00","dateModified":"2014-11-12T14:05:17+00:00","breadcrumb":{"@id":"http:\/\/www.dylanthomas.com\/cy\/dylan\/gwaith-dylan\/death-entrances\/#breadcrumb"},"inLanguage":"cy","potentialAction":[{"@type":"ReadAction","target":["http:\/\/www.dylanthomas.com\/cy\/dylan\/gwaith-dylan\/death-entrances\/"]}]},{"@type":"BreadcrumbList","@id":"http:\/\/www.dylanthomas.com\/cy\/dylan\/gwaith-dylan\/death-entrances\/#breadcrumb","itemListElement":[{"@type":"ListItem","position":1,"name":"Home","item":"http:\/\/www.dylanthomas.com\/cy\/"},{"@type":"ListItem","position":2,"name":"Am Dylan","item":"http:\/\/www.dylanthomas.com\/cy\/dylan\/"},{"@type":"ListItem","position":3,"name":"Gwaith Dylan","item":"http:\/\/www.dylanthomas.com\/cy\/dylan\/gwaith-dylan\/"},{"@type":"ListItem","position":4,"name":"Death and Entrances"}]},{"@type":"WebSite","@id":"https:\/\/www.dylanthomas.com\/#website","url":"https:\/\/www.dylanthomas.com\/","name":"DylanThomas.com","description":"The poet and author Dylan Thomas is Swansea&#039;s most famous son","publisher":{"@id":"https:\/\/www.dylanthomas.com\/#organization"},"potentialAction":[{"@type":"SearchAction","target":{"@type":"EntryPoint","urlTemplate":"https:\/\/www.dylanthomas.com\/?s={search_term_string}"},"query-input":"required name=search_term_string"}],"inLanguage":"cy"},{"@type":"Organization","@id":"https:\/\/www.dylanthomas.com\/#organization","name":"DylanThomas.com","url":"https:\/\/www.dylanthomas.com\/","logo":{"@type":"ImageObject","inLanguage":"cy","@id":"https:\/\/www.dylanthomas.com\/#\/schema\/logo\/image\/","url":"http:\/\/www.dylanthomas.com\/wp-content\/uploads\/2020\/07\/DTC-logo.png","contentUrl":"http:\/\/www.dylanthomas.com\/wp-content\/uploads\/2020\/07\/DTC-logo.png","width":300,"height":100,"caption":"DylanThomas.com"},"image":{"@id":"https:\/\/www.dylanthomas.com\/#\/schema\/logo\/image\/"}}]}},"_links":{"self":[{"href":"http:\/\/www.dylanthomas.com\/cy\/wp-json\/wp\/v2\/pages\/1924\/"}],"collection":[{"href":"http:\/\/www.dylanthomas.com\/cy\/wp-json\/wp\/v2\/pages\/"}],"about":[{"href":"http:\/\/www.dylanthomas.com\/cy\/wp-json\/wp\/v2\/types\/page\/"}],"author":[{"embeddable":true,"href":"http:\/\/www.dylanthomas.com\/cy\/wp-json\/wp\/v2\/users\/6\/"}],"replies":[{"embeddable":true,"href":"http:\/\/www.dylanthomas.com\/cy\/wp-json\/wp\/v2\/comments\/?post=1924"}],"version-history":[{"count":1,"href":"http:\/\/www.dylanthomas.com\/cy\/wp-json\/wp\/v2\/pages\/1924\/revisions\/"}],"predecessor-version":[{"id":1925,"href":"http:\/\/www.dylanthomas.com\/cy\/wp-json\/wp\/v2\/pages\/1924\/revisions\/1925\/"}],"up":[{"embeddable":true,"href":"http:\/\/www.dylanthomas.com\/cy\/wp-json\/wp\/v2\/pages\/622\/"}],"wp:attachment":[{"href":"http:\/\/www.dylanthomas.com\/cy\/wp-json\/wp\/v2\/media\/?parent=1924"}],"curies":[{"name":"wp","href":"https:\/\/api.w.org\/{rel}","templated":true}]}}