{"id":1244,"date":"2014-04-04T08:00:36","date_gmt":"2014-04-04T08:00:36","guid":{"rendered":"http:\/\/www.dylanthomas.com\/?page_id=1244"},"modified":"2014-04-04T08:00:36","modified_gmt":"2014-04-04T08:00:36","slug":"y-mwmbwls-gwyr","status":"publish","type":"page","link":"http:\/\/www.dylanthomas.com\/cy\/llwybrau-dylan-thomas\/y-mwmbwls-gwyr\/","title":{"rendered":"Y Mwmbwls a G\u0175yr"},"content":{"rendered":"<p>Roedd y Mwmbwls a G\u0175yr yn rhan bwysig iawn o fywyd Dylan Thomas, er ei fod yn y b\u00f4n yn drefwr.<\/p>\n<p>\u2018MUMBLES, a rather nice village, despite its name,<br \/>\nright on the edge of the sea\u2019<\/p>\n<p>\u2018GOWER is a very beautiful peninsula, some miles from<br \/>\nthis blowsy town\u2026.as a matter of fact it is one of the<br \/>\nloveliest sea-coast stretches in the whole of Britain\u2019.<\/p>\n<p>Dyma sut mae Dylan yn disgrifio&#8217;r ardaloedd hyn o amgylch Abertawe yn ei lythyrau cynnar at ei gariad cyntaf, Pamela Hansford Johnson.<\/p>\n<p>Roedd Dylan Thomas yn ei hanfod yr hyn a alwodd yn \u2018drefwr\u2019. Ysgrifennodd at ei gyfaill agos, Vernon Watkins,\u00a0<i>\u2018I\u2019m not a country man; I stand for\u2026.. the provincial drive, the morning caf\u00e9, the evening pub\u2026\u2019<\/i><\/p>\n<p>Bu&#8217;n byw mewn trefi neu ddinasoedd am y rhan fwyaf o&#8217;i fywyd byr \u2013 Abertawe, Llundain, Rhydychen, Efrog Newydd, ond roedd cefn gwlad, yn arbennig cefn gwlad Cymru&#8217;n bwysig iawn yn ei fywyd, a chafodd ddylanwad mawr ar ei waith. Ceisia&#8217;r llwybr hwn dynnu sylw at rai o&#8217;r dylanwadau hyn.<\/p>\n<p>Rhaid defnyddio car neu gludiant cyhoeddus i fynd ar y daith hon. Byddai&#8217;n well pennu diwrnod cyfan i weld y llwybr hwn yn llawn mewn car. Ar gludiant cyhoeddus, efallai y bydd yn well ei wneud mewn sawl taith.<\/p>\n<p>&nbsp;<\/p>\n<p>Cyhoeddir Llwybr y Mwmbwls a G\u0175yr ar y wefan yn fuan.<\/p>\n","protected":false},"excerpt":{"rendered":"<p>Roedd y Mwmbwls a G\u0175yr yn rhan bwysig iawn o fywyd Dylan Thomas, er ei fod yn y b\u00f4n yn drefwr. \u2018MUMBLES, a rather nice village, despite its name, right on the edge of the sea\u2019 \u2018GOWER is a very &hellip;<\/p>\n<p class=\"read-more\"> <a class=\"more-link\" href=\"http:\/\/www.dylanthomas.com\/cy\/llwybrau-dylan-thomas\/y-mwmbwls-gwyr\/\"> <span class=\"screen-reader-text\">Y Mwmbwls a G\u0175yr<\/span> Darllen mwy &raquo;<\/a><\/p>\n","protected":false},"author":6,"featured_media":0,"parent":1216,"menu_order":0,"comment_status":"closed","ping_status":"closed","template":"","meta":{"_monsterinsights_skip_tracking":false,"_monsterinsights_sitenote_active":false,"_monsterinsights_sitenote_note":"","_monsterinsights_sitenote_category":0},"yoast_head":"<!-- This site is optimized with the Yoast SEO plugin v19.11 - https:\/\/yoast.com\/wordpress\/plugins\/seo\/ -->\n<title>Y Mwmbwls a G\u0175yr - DylanThomas.com<\/title>\n<meta name=\"robots\" content=\"index, follow, max-snippet:-1, max-image-preview:large, max-video-preview:-1\" \/>\n<link rel=\"canonical\" href=\"https:\/\/www.dylanthomas.com\/cy\/llwybrau-dylan-thomas\/y-mwmbwls-gwyr\/\" \/>\n<meta property=\"og:locale\" content=\"en_US\" \/>\n<meta property=\"og:type\" content=\"article\" \/>\n<meta property=\"og:title\" content=\"Y Mwmbwls a G\u0175yr - DylanThomas.com\" \/>\n<meta property=\"og:description\" content=\"Roedd y Mwmbwls a G\u0175yr yn rhan bwysig iawn o fywyd Dylan Thomas, er ei fod yn y b\u00f4n yn drefwr. \u2018MUMBLES, a rather nice village, despite its name, right on the edge of the sea\u2019 \u2018GOWER is a very &hellip; Y Mwmbwls a G\u0175yr Darllen mwy &raquo;\" \/>\n<meta property=\"og:url\" content=\"https:\/\/www.dylanthomas.com\/cy\/llwybrau-dylan-thomas\/y-mwmbwls-gwyr\/\" \/>\n<meta property=\"og:site_name\" content=\"DylanThomas.com\" \/>\n<meta name=\"twitter:label1\" content=\"Est. reading time\" \/>\n\t<meta name=\"twitter:data1\" content=\"1 munud\" \/>\n<script type=\"application\/ld+json\" class=\"yoast-schema-graph\">{\"@context\":\"https:\/\/schema.org\",\"@graph\":[{\"@type\":\"WebPage\",\"@id\":\"https:\/\/www.dylanthomas.com\/cy\/llwybrau-dylan-thomas\/y-mwmbwls-gwyr\/\",\"url\":\"https:\/\/www.dylanthomas.com\/cy\/llwybrau-dylan-thomas\/y-mwmbwls-gwyr\/\",\"name\":\"Y Mwmbwls a G\u0175yr - DylanThomas.com\",\"isPartOf\":{\"@id\":\"http:\/\/www.dylanthomas.com\/#website\"},\"datePublished\":\"2014-04-04T08:00:36+00:00\",\"dateModified\":\"2014-04-04T08:00:36+00:00\",\"breadcrumb\":{\"@id\":\"https:\/\/www.dylanthomas.com\/cy\/llwybrau-dylan-thomas\/y-mwmbwls-gwyr\/#breadcrumb\"},\"inLanguage\":\"cy\",\"potentialAction\":[{\"@type\":\"ReadAction\",\"target\":[\"https:\/\/www.dylanthomas.com\/cy\/llwybrau-dylan-thomas\/y-mwmbwls-gwyr\/\"]}]},{\"@type\":\"BreadcrumbList\",\"@id\":\"https:\/\/www.dylanthomas.com\/cy\/llwybrau-dylan-thomas\/y-mwmbwls-gwyr\/#breadcrumb\",\"itemListElement\":[{\"@type\":\"ListItem\",\"position\":1,\"name\":\"Home\",\"item\":\"https:\/\/www.dylanthomas.com\/cy\/\"},{\"@type\":\"ListItem\",\"position\":2,\"name\":\"Llwybrau Dylan Thomas\",\"item\":\"https:\/\/www.dylanthomas.com\/cy\/llwybrau-dylan-thomas\/\"},{\"@type\":\"ListItem\",\"position\":3,\"name\":\"Y Mwmbwls a G\u0175yr\"}]},{\"@type\":\"WebSite\",\"@id\":\"http:\/\/www.dylanthomas.com\/#website\",\"url\":\"http:\/\/www.dylanthomas.com\/\",\"name\":\"DylanThomas.com\",\"description\":\"The poet and author Dylan Thomas is Swansea&#039;s most famous son\",\"publisher\":{\"@id\":\"http:\/\/www.dylanthomas.com\/#organization\"},\"potentialAction\":[{\"@type\":\"SearchAction\",\"target\":{\"@type\":\"EntryPoint\",\"urlTemplate\":\"http:\/\/www.dylanthomas.com\/?s={search_term_string}\"},\"query-input\":\"required name=search_term_string\"}],\"inLanguage\":\"cy\"},{\"@type\":\"Organization\",\"@id\":\"http:\/\/www.dylanthomas.com\/#organization\",\"name\":\"DylanThomas.com\",\"url\":\"http:\/\/www.dylanthomas.com\/\",\"logo\":{\"@type\":\"ImageObject\",\"inLanguage\":\"cy\",\"@id\":\"http:\/\/www.dylanthomas.com\/#\/schema\/logo\/image\/\",\"url\":\"http:\/\/www.dylanthomas.com\/wp-content\/uploads\/2020\/07\/DTC-logo.png\",\"contentUrl\":\"http:\/\/www.dylanthomas.com\/wp-content\/uploads\/2020\/07\/DTC-logo.png\",\"width\":300,\"height\":100,\"caption\":\"DylanThomas.com\"},\"image\":{\"@id\":\"http:\/\/www.dylanthomas.com\/#\/schema\/logo\/image\/\"}}]}<\/script>\n<!-- \/ Yoast SEO plugin. -->","yoast_head_json":{"title":"Y Mwmbwls a G\u0175yr - DylanThomas.com","robots":{"index":"index","follow":"follow","max-snippet":"max-snippet:-1","max-image-preview":"max-image-preview:large","max-video-preview":"max-video-preview:-1"},"canonical":"https:\/\/www.dylanthomas.com\/cy\/llwybrau-dylan-thomas\/y-mwmbwls-gwyr\/","og_locale":"en_US","og_type":"article","og_title":"Y Mwmbwls a G\u0175yr - DylanThomas.com","og_description":"Roedd y Mwmbwls a G\u0175yr yn rhan bwysig iawn o fywyd Dylan Thomas, er ei fod yn y b\u00f4n yn drefwr. \u2018MUMBLES, a rather nice village, despite its name, right on the edge of the sea\u2019 \u2018GOWER is a very &hellip; Y Mwmbwls a G\u0175yr Darllen mwy &raquo;","og_url":"https:\/\/www.dylanthomas.com\/cy\/llwybrau-dylan-thomas\/y-mwmbwls-gwyr\/","og_site_name":"DylanThomas.com","twitter_misc":{"Est. reading time":"1 munud"},"schema":{"@context":"https:\/\/schema.org","@graph":[{"@type":"WebPage","@id":"https:\/\/www.dylanthomas.com\/cy\/llwybrau-dylan-thomas\/y-mwmbwls-gwyr\/","url":"https:\/\/www.dylanthomas.com\/cy\/llwybrau-dylan-thomas\/y-mwmbwls-gwyr\/","name":"Y Mwmbwls a G\u0175yr - DylanThomas.com","isPartOf":{"@id":"http:\/\/www.dylanthomas.com\/#website"},"datePublished":"2014-04-04T08:00:36+00:00","dateModified":"2014-04-04T08:00:36+00:00","breadcrumb":{"@id":"https:\/\/www.dylanthomas.com\/cy\/llwybrau-dylan-thomas\/y-mwmbwls-gwyr\/#breadcrumb"},"inLanguage":"cy","potentialAction":[{"@type":"ReadAction","target":["https:\/\/www.dylanthomas.com\/cy\/llwybrau-dylan-thomas\/y-mwmbwls-gwyr\/"]}]},{"@type":"BreadcrumbList","@id":"https:\/\/www.dylanthomas.com\/cy\/llwybrau-dylan-thomas\/y-mwmbwls-gwyr\/#breadcrumb","itemListElement":[{"@type":"ListItem","position":1,"name":"Home","item":"https:\/\/www.dylanthomas.com\/cy\/"},{"@type":"ListItem","position":2,"name":"Llwybrau Dylan Thomas","item":"https:\/\/www.dylanthomas.com\/cy\/llwybrau-dylan-thomas\/"},{"@type":"ListItem","position":3,"name":"Y Mwmbwls a G\u0175yr"}]},{"@type":"WebSite","@id":"http:\/\/www.dylanthomas.com\/#website","url":"http:\/\/www.dylanthomas.com\/","name":"DylanThomas.com","description":"The poet and author Dylan Thomas is Swansea&#039;s most famous son","publisher":{"@id":"http:\/\/www.dylanthomas.com\/#organization"},"potentialAction":[{"@type":"SearchAction","target":{"@type":"EntryPoint","urlTemplate":"http:\/\/www.dylanthomas.com\/?s={search_term_string}"},"query-input":"required name=search_term_string"}],"inLanguage":"cy"},{"@type":"Organization","@id":"http:\/\/www.dylanthomas.com\/#organization","name":"DylanThomas.com","url":"http:\/\/www.dylanthomas.com\/","logo":{"@type":"ImageObject","inLanguage":"cy","@id":"http:\/\/www.dylanthomas.com\/#\/schema\/logo\/image\/","url":"http:\/\/www.dylanthomas.com\/wp-content\/uploads\/2020\/07\/DTC-logo.png","contentUrl":"http:\/\/www.dylanthomas.com\/wp-content\/uploads\/2020\/07\/DTC-logo.png","width":300,"height":100,"caption":"DylanThomas.com"},"image":{"@id":"http:\/\/www.dylanthomas.com\/#\/schema\/logo\/image\/"}}]}},"_links":{"self":[{"href":"http:\/\/www.dylanthomas.com\/cy\/wp-json\/wp\/v2\/pages\/1244\/"}],"collection":[{"href":"http:\/\/www.dylanthomas.com\/cy\/wp-json\/wp\/v2\/pages\/"}],"about":[{"href":"http:\/\/www.dylanthomas.com\/cy\/wp-json\/wp\/v2\/types\/page\/"}],"author":[{"embeddable":true,"href":"http:\/\/www.dylanthomas.com\/cy\/wp-json\/wp\/v2\/users\/6\/"}],"replies":[{"embeddable":true,"href":"http:\/\/www.dylanthomas.com\/cy\/wp-json\/wp\/v2\/comments\/?post=1244"}],"version-history":[{"count":1,"href":"http:\/\/www.dylanthomas.com\/cy\/wp-json\/wp\/v2\/pages\/1244\/revisions\/"}],"predecessor-version":[{"id":1245,"href":"http:\/\/www.dylanthomas.com\/cy\/wp-json\/wp\/v2\/pages\/1244\/revisions\/1245\/"}],"up":[{"embeddable":true,"href":"http:\/\/www.dylanthomas.com\/cy\/wp-json\/wp\/v2\/pages\/1216\/"}],"wp:attachment":[{"href":"http:\/\/www.dylanthomas.com\/cy\/wp-json\/wp\/v2\/media\/?parent=1244"}],"curies":[{"name":"wp","href":"https:\/\/api.w.org\/{rel}","templated":true}]}}