{"id":1178,"date":"2014-03-17T11:52:36","date_gmt":"2014-03-17T11:52:36","guid":{"rendered":"http:\/\/www.dylanthomas.com\/?page_id=1178"},"modified":"2014-03-17T11:52:36","modified_gmt":"2014-03-17T11:52:36","slug":"poster-hysbysebu-gwreiddiol-mewn-ffram-o-gynhyrchiad-ffilm-milk-wood-1971","status":"publish","type":"page","link":"http:\/\/www.dylanthomas.com\/cy\/canolfan-dylan-thomas\/arddangosfa-2\/poster-hysbysebu-gwreiddiol-mewn-ffram-o-gynhyrchiad-ffilm-milk-wood-1971\/","title":{"rendered":"Poster hysbysebu gwreiddiol mewn ffr\u00e2m o gynhyrchiad ffilm &#8216;Under Milk Wood&#8217; 1971"},"content":{"rendered":"<p><img loading=\"lazy\" class=\"size-full wp-image-587 alignright\" alt=\"mounted poster\" src=\"http:\/\/www.dylanthomas.com\/wp-content\/uploads\/2013\/10\/DTM139UMWoriginalfilmposter_1.jpg\" width=\"206\" height=\"150\" \/><\/p>\n<p>Poster gwreiddiol mewn ffr\u00e2m yn hysbysebu&#8217;r unig gynhyrchiad o&#8217;r ffilm &#8216;Under Milk Wood&#8217; a gyfarwyddwyd gan Andrew Sinclair ym 1971.<\/p>\n<p>Poster gwreiddiol gyda lluniau o brif s\u00ear y ffilm: Richard Burton, Elizabeth Taylor a Peter O&#8217;Toole. Dyma&#8217;r unig ffilm i gael ei chynhyrchu o &#8216;Under Milk Wood&#8217;. Mae ar gael yn eang ar fideo a DVD &#8211; cyhoeddwyd DVD arbennig yn 2003 i ddathlu 50 mlynedd ers darllediad cyntaf y DU o&#8217;r &#8216;ddrama i leisiau&#8217;. Fel arfer, mae Burton yn cymryd r\u00f4l y Llais Cyntaf, tra bod O&#8217;Toole yn chwarae r\u00f4l Captain Cat a Taylor yn chwarae r\u00f4l Rosie Probert.<\/p>\n","protected":false},"excerpt":{"rendered":"<p>Poster gwreiddiol mewn ffr\u00e2m yn hysbysebu&#8217;r unig gynhyrchiad o&#8217;r ffilm &#8216;Under Milk Wood&#8217; a gyfarwyddwyd gan Andrew Sinclair ym 1971. Poster gwreiddiol gyda lluniau o brif s\u00ear y ffilm: Richard Burton, Elizabeth Taylor a Peter O&#8217;Toole. Dyma&#8217;r unig ffilm i &hellip;<\/p>\n<p class=\"read-more\"> <a class=\"more-link\" href=\"http:\/\/www.dylanthomas.com\/cy\/canolfan-dylan-thomas\/arddangosfa-2\/poster-hysbysebu-gwreiddiol-mewn-ffram-o-gynhyrchiad-ffilm-milk-wood-1971\/\"> <span class=\"screen-reader-text\">Poster hysbysebu gwreiddiol mewn ffr\u00e2m o gynhyrchiad ffilm &#8216;Under Milk Wood&#8217; 1971<\/span> Darllen mwy &raquo;<\/a><\/p>\n","protected":false},"author":6,"featured_media":0,"parent":634,"menu_order":0,"comment_status":"closed","ping_status":"closed","template":"","meta":{"_monsterinsights_skip_tracking":false,"_monsterinsights_sitenote_active":false,"_monsterinsights_sitenote_note":"","_monsterinsights_sitenote_category":0},"yoast_head":"<!-- This site is optimized with the Yoast SEO plugin v19.11 - https:\/\/yoast.com\/wordpress\/plugins\/seo\/ -->\n<title>Poster hysbysebu gwreiddiol mewn ffr\u00e2m o gynhyrchiad ffilm &#039;Under Milk Wood&#039; 1971 - DylanThomas.com<\/title>\n<meta name=\"robots\" content=\"index, follow, max-snippet:-1, max-image-preview:large, max-video-preview:-1\" \/>\n<link rel=\"canonical\" href=\"http:\/\/www.dylanthomas.com\/cy\/canolfan-dylan-thomas\/arddangosfa-2\/poster-hysbysebu-gwreiddiol-mewn-ffram-o-gynhyrchiad-ffilm-milk-wood-1971\/\" \/>\n<meta property=\"og:locale\" content=\"en_US\" \/>\n<meta property=\"og:type\" content=\"article\" \/>\n<meta property=\"og:title\" content=\"Poster hysbysebu gwreiddiol mewn ffr\u00e2m o gynhyrchiad ffilm &#039;Under Milk Wood&#039; 1971 - DylanThomas.com\" \/>\n<meta property=\"og:description\" content=\"Poster gwreiddiol mewn ffr\u00e2m yn hysbysebu&#8217;r unig gynhyrchiad o&#8217;r ffilm &#8216;Under Milk Wood&#8217; a gyfarwyddwyd gan Andrew Sinclair ym 1971. Poster gwreiddiol gyda lluniau o brif s\u00ear y ffilm: Richard Burton, Elizabeth Taylor a Peter O&#8217;Toole. Dyma&#8217;r unig ffilm i &hellip; Poster hysbysebu gwreiddiol mewn ffr\u00e2m o gynhyrchiad ffilm &#8216;Under Milk Wood&#8217; 1971 Darllen mwy &raquo;\" \/>\n<meta property=\"og:url\" content=\"http:\/\/www.dylanthomas.com\/cy\/canolfan-dylan-thomas\/arddangosfa-2\/poster-hysbysebu-gwreiddiol-mewn-ffram-o-gynhyrchiad-ffilm-milk-wood-1971\/\" \/>\n<meta property=\"og:site_name\" content=\"DylanThomas.com\" \/>\n<meta property=\"og:image\" content=\"http:\/\/www.dylanthomas.com\/wp-content\/uploads\/2013\/10\/DTM139UMWoriginalfilmposter_1.jpg\" \/>\n<meta name=\"twitter:label1\" content=\"Est. reading time\" \/>\n\t<meta name=\"twitter:data1\" content=\"1 munud\" \/>\n<script type=\"application\/ld+json\" class=\"yoast-schema-graph\">{\"@context\":\"https:\/\/schema.org\",\"@graph\":[{\"@type\":\"WebPage\",\"@id\":\"http:\/\/www.dylanthomas.com\/cy\/canolfan-dylan-thomas\/arddangosfa-2\/poster-hysbysebu-gwreiddiol-mewn-ffram-o-gynhyrchiad-ffilm-milk-wood-1971\/\",\"url\":\"http:\/\/www.dylanthomas.com\/cy\/canolfan-dylan-thomas\/arddangosfa-2\/poster-hysbysebu-gwreiddiol-mewn-ffram-o-gynhyrchiad-ffilm-milk-wood-1971\/\",\"name\":\"Poster hysbysebu gwreiddiol mewn ffr\u00e2m o gynhyrchiad ffilm 'Under Milk Wood' 1971 - DylanThomas.com\",\"isPartOf\":{\"@id\":\"http:\/\/www.dylanthomas.com\/#website\"},\"datePublished\":\"2014-03-17T11:52:36+00:00\",\"dateModified\":\"2014-03-17T11:52:36+00:00\",\"breadcrumb\":{\"@id\":\"http:\/\/www.dylanthomas.com\/cy\/canolfan-dylan-thomas\/arddangosfa-2\/poster-hysbysebu-gwreiddiol-mewn-ffram-o-gynhyrchiad-ffilm-milk-wood-1971\/#breadcrumb\"},\"inLanguage\":\"cy\",\"potentialAction\":[{\"@type\":\"ReadAction\",\"target\":[\"http:\/\/www.dylanthomas.com\/cy\/canolfan-dylan-thomas\/arddangosfa-2\/poster-hysbysebu-gwreiddiol-mewn-ffram-o-gynhyrchiad-ffilm-milk-wood-1971\/\"]}]},{\"@type\":\"BreadcrumbList\",\"@id\":\"http:\/\/www.dylanthomas.com\/cy\/canolfan-dylan-thomas\/arddangosfa-2\/poster-hysbysebu-gwreiddiol-mewn-ffram-o-gynhyrchiad-ffilm-milk-wood-1971\/#breadcrumb\",\"itemListElement\":[{\"@type\":\"ListItem\",\"position\":1,\"name\":\"Home\",\"item\":\"https:\/\/www.dylanthomas.com\/cy\/\"},{\"@type\":\"ListItem\",\"position\":2,\"name\":\"Canolfan Dylan Thomas\",\"item\":\"https:\/\/www.dylanthomas.com\/cy\/\"},{\"@type\":\"ListItem\",\"position\":3,\"name\":\"Arddangosfa\",\"item\":\"http:\/\/www.dylanthomas.com\/cy\/?page_id=634\"},{\"@type\":\"ListItem\",\"position\":4,\"name\":\"Poster hysbysebu gwreiddiol mewn ffr\u00e2m o gynhyrchiad ffilm &#8216;Under Milk Wood&#8217; 1971\"}]},{\"@type\":\"WebSite\",\"@id\":\"http:\/\/www.dylanthomas.com\/#website\",\"url\":\"http:\/\/www.dylanthomas.com\/\",\"name\":\"DylanThomas.com\",\"description\":\"The poet and author Dylan Thomas is Swansea&#039;s most famous son\",\"publisher\":{\"@id\":\"http:\/\/www.dylanthomas.com\/#organization\"},\"potentialAction\":[{\"@type\":\"SearchAction\",\"target\":{\"@type\":\"EntryPoint\",\"urlTemplate\":\"http:\/\/www.dylanthomas.com\/?s={search_term_string}\"},\"query-input\":\"required name=search_term_string\"}],\"inLanguage\":\"cy\"},{\"@type\":\"Organization\",\"@id\":\"http:\/\/www.dylanthomas.com\/#organization\",\"name\":\"DylanThomas.com\",\"url\":\"http:\/\/www.dylanthomas.com\/\",\"logo\":{\"@type\":\"ImageObject\",\"inLanguage\":\"cy\",\"@id\":\"http:\/\/www.dylanthomas.com\/#\/schema\/logo\/image\/\",\"url\":\"http:\/\/www.dylanthomas.com\/wp-content\/uploads\/2020\/07\/DTC-logo.png\",\"contentUrl\":\"http:\/\/www.dylanthomas.com\/wp-content\/uploads\/2020\/07\/DTC-logo.png\",\"width\":300,\"height\":100,\"caption\":\"DylanThomas.com\"},\"image\":{\"@id\":\"http:\/\/www.dylanthomas.com\/#\/schema\/logo\/image\/\"}}]}<\/script>\n<!-- \/ Yoast SEO plugin. -->","yoast_head_json":{"title":"Poster hysbysebu gwreiddiol mewn ffr\u00e2m o gynhyrchiad ffilm 'Under Milk Wood' 1971 - DylanThomas.com","robots":{"index":"index","follow":"follow","max-snippet":"max-snippet:-1","max-image-preview":"max-image-preview:large","max-video-preview":"max-video-preview:-1"},"canonical":"http:\/\/www.dylanthomas.com\/cy\/canolfan-dylan-thomas\/arddangosfa-2\/poster-hysbysebu-gwreiddiol-mewn-ffram-o-gynhyrchiad-ffilm-milk-wood-1971\/","og_locale":"en_US","og_type":"article","og_title":"Poster hysbysebu gwreiddiol mewn ffr\u00e2m o gynhyrchiad ffilm 'Under Milk Wood' 1971 - DylanThomas.com","og_description":"Poster gwreiddiol mewn ffr\u00e2m yn hysbysebu&#8217;r unig gynhyrchiad o&#8217;r ffilm &#8216;Under Milk Wood&#8217; a gyfarwyddwyd gan Andrew Sinclair ym 1971. Poster gwreiddiol gyda lluniau o brif s\u00ear y ffilm: Richard Burton, Elizabeth Taylor a Peter O&#8217;Toole. Dyma&#8217;r unig ffilm i &hellip; Poster hysbysebu gwreiddiol mewn ffr\u00e2m o gynhyrchiad ffilm &#8216;Under Milk Wood&#8217; 1971 Darllen mwy &raquo;","og_url":"http:\/\/www.dylanthomas.com\/cy\/canolfan-dylan-thomas\/arddangosfa-2\/poster-hysbysebu-gwreiddiol-mewn-ffram-o-gynhyrchiad-ffilm-milk-wood-1971\/","og_site_name":"DylanThomas.com","og_image":[{"url":"http:\/\/www.dylanthomas.com\/wp-content\/uploads\/2013\/10\/DTM139UMWoriginalfilmposter_1.jpg"}],"twitter_misc":{"Est. reading time":"1 munud"},"schema":{"@context":"https:\/\/schema.org","@graph":[{"@type":"WebPage","@id":"http:\/\/www.dylanthomas.com\/cy\/canolfan-dylan-thomas\/arddangosfa-2\/poster-hysbysebu-gwreiddiol-mewn-ffram-o-gynhyrchiad-ffilm-milk-wood-1971\/","url":"http:\/\/www.dylanthomas.com\/cy\/canolfan-dylan-thomas\/arddangosfa-2\/poster-hysbysebu-gwreiddiol-mewn-ffram-o-gynhyrchiad-ffilm-milk-wood-1971\/","name":"Poster hysbysebu gwreiddiol mewn ffr\u00e2m o gynhyrchiad ffilm 'Under Milk Wood' 1971 - DylanThomas.com","isPartOf":{"@id":"http:\/\/www.dylanthomas.com\/#website"},"datePublished":"2014-03-17T11:52:36+00:00","dateModified":"2014-03-17T11:52:36+00:00","breadcrumb":{"@id":"http:\/\/www.dylanthomas.com\/cy\/canolfan-dylan-thomas\/arddangosfa-2\/poster-hysbysebu-gwreiddiol-mewn-ffram-o-gynhyrchiad-ffilm-milk-wood-1971\/#breadcrumb"},"inLanguage":"cy","potentialAction":[{"@type":"ReadAction","target":["http:\/\/www.dylanthomas.com\/cy\/canolfan-dylan-thomas\/arddangosfa-2\/poster-hysbysebu-gwreiddiol-mewn-ffram-o-gynhyrchiad-ffilm-milk-wood-1971\/"]}]},{"@type":"BreadcrumbList","@id":"http:\/\/www.dylanthomas.com\/cy\/canolfan-dylan-thomas\/arddangosfa-2\/poster-hysbysebu-gwreiddiol-mewn-ffram-o-gynhyrchiad-ffilm-milk-wood-1971\/#breadcrumb","itemListElement":[{"@type":"ListItem","position":1,"name":"Home","item":"https:\/\/www.dylanthomas.com\/cy\/"},{"@type":"ListItem","position":2,"name":"Canolfan Dylan Thomas","item":"https:\/\/www.dylanthomas.com\/cy\/"},{"@type":"ListItem","position":3,"name":"Arddangosfa","item":"http:\/\/www.dylanthomas.com\/cy\/?page_id=634"},{"@type":"ListItem","position":4,"name":"Poster hysbysebu gwreiddiol mewn ffr\u00e2m o gynhyrchiad ffilm &#8216;Under Milk Wood&#8217; 1971"}]},{"@type":"WebSite","@id":"http:\/\/www.dylanthomas.com\/#website","url":"http:\/\/www.dylanthomas.com\/","name":"DylanThomas.com","description":"The poet and author Dylan Thomas is Swansea&#039;s most famous son","publisher":{"@id":"http:\/\/www.dylanthomas.com\/#organization"},"potentialAction":[{"@type":"SearchAction","target":{"@type":"EntryPoint","urlTemplate":"http:\/\/www.dylanthomas.com\/?s={search_term_string}"},"query-input":"required name=search_term_string"}],"inLanguage":"cy"},{"@type":"Organization","@id":"http:\/\/www.dylanthomas.com\/#organization","name":"DylanThomas.com","url":"http:\/\/www.dylanthomas.com\/","logo":{"@type":"ImageObject","inLanguage":"cy","@id":"http:\/\/www.dylanthomas.com\/#\/schema\/logo\/image\/","url":"http:\/\/www.dylanthomas.com\/wp-content\/uploads\/2020\/07\/DTC-logo.png","contentUrl":"http:\/\/www.dylanthomas.com\/wp-content\/uploads\/2020\/07\/DTC-logo.png","width":300,"height":100,"caption":"DylanThomas.com"},"image":{"@id":"http:\/\/www.dylanthomas.com\/#\/schema\/logo\/image\/"}}]}},"_links":{"self":[{"href":"http:\/\/www.dylanthomas.com\/cy\/wp-json\/wp\/v2\/pages\/1178\/"}],"collection":[{"href":"http:\/\/www.dylanthomas.com\/cy\/wp-json\/wp\/v2\/pages\/"}],"about":[{"href":"http:\/\/www.dylanthomas.com\/cy\/wp-json\/wp\/v2\/types\/page\/"}],"author":[{"embeddable":true,"href":"http:\/\/www.dylanthomas.com\/cy\/wp-json\/wp\/v2\/users\/6\/"}],"replies":[{"embeddable":true,"href":"http:\/\/www.dylanthomas.com\/cy\/wp-json\/wp\/v2\/comments\/?post=1178"}],"version-history":[{"count":1,"href":"http:\/\/www.dylanthomas.com\/cy\/wp-json\/wp\/v2\/pages\/1178\/revisions\/"}],"predecessor-version":[{"id":1179,"href":"http:\/\/www.dylanthomas.com\/cy\/wp-json\/wp\/v2\/pages\/1178\/revisions\/1179\/"}],"up":[{"embeddable":true,"href":"http:\/\/www.dylanthomas.com\/cy\/wp-json\/wp\/v2\/pages\/634\/"}],"wp:attachment":[{"href":"http:\/\/www.dylanthomas.com\/cy\/wp-json\/wp\/v2\/media\/?parent=1178"}],"curies":[{"name":"wp","href":"https:\/\/api.w.org\/{rel}","templated":true}]}}